{"id":272,"date":"2015-04-07T11:54:37","date_gmt":"2015-04-07T09:54:37","guid":{"rendered":"http:\/\/villaclaudia.dev\/meteo-bellaria-2\/"},"modified":"2015-05-13T10:26:31","modified_gmt":"2015-05-13T08:26:31","slug":"meteo-bellaria","status":"publish","type":"page","link":"https:\/\/www.hotelvillaclaudia.it\/fr\/meteo-bellaria\/","title":{"rendered":"Pr\u00e9visions Bellaria H\u00f4tel Villa Claudia \u00e0 Bellaria"},"content":{"rendered":"<p>Les pr\u00e9visions m\u00e9t\u00e9o en temps r\u00e9el de Igea Marina<\/p>\n","protected":false},"excerpt":{"rendered":"<p>Les pr\u00e9visions m\u00e9t\u00e9o en temps r\u00e9el de Igea Marina<\/p>\n","protected":false},"author":8,"featured_media":0,"parent":0,"menu_order":0,"comment_status":"open","ping_status":"open","template":"page-meteo.php","meta":{"_acf_changed":false,"footnotes":""},"class_list":["post-272","page","type-page","status-publish","hentry"],"acf":[],"_links":{"self":[{"href":"https:\/\/www.hotelvillaclaudia.it\/fr\/wp-json\/wp\/v2\/pages\/272","targetHints":{"allow":["GET"]}}],"collection":[{"href":"https:\/\/www.hotelvillaclaudia.it\/fr\/wp-json\/wp\/v2\/pages"}],"about":[{"href":"https:\/\/www.hotelvillaclaudia.it\/fr\/wp-json\/wp\/v2\/types\/page"}],"author":[{"embeddable":true,"href":"https:\/\/www.hotelvillaclaudia.it\/fr\/wp-json\/wp\/v2\/users\/8"}],"replies":[{"embeddable":true,"href":"https:\/\/www.hotelvillaclaudia.it\/fr\/wp-json\/wp\/v2\/comments?post=272"}],"version-history":[{"count":1,"href":"https:\/\/www.hotelvillaclaudia.it\/fr\/wp-json\/wp\/v2\/pages\/272\/revisions"}],"predecessor-version":[{"id":273,"href":"https:\/\/www.hotelvillaclaudia.it\/fr\/wp-json\/wp\/v2\/pages\/272\/revisions\/273"}],"wp:attachment":[{"href":"https:\/\/www.hotelvillaclaudia.it\/fr\/wp-json\/wp\/v2\/media?parent=272"}],"curies":[{"name":"wp","href":"https:\/\/api.w.org\/{rel}","templated":true}]}}