{"id":2641,"date":"2019-05-09T18:21:04","date_gmt":"2019-05-09T16:21:04","guid":{"rendered":"https:\/\/www.hotelvillaclaudia.it\/listino\/"},"modified":"2025-03-27T15:21:17","modified_gmt":"2025-03-27T14:21:17","slug":"tarif","status":"publish","type":"page","link":"https:\/\/www.hotelvillaclaudia.it\/fr\/tarif\/","title":{"rendered":"H\u00f4tel \u00e9conomique Bellaria, Tarif s\u00e9jour H\u00f4tel \u00e0 la mer, H\u00f4tel Villa Claudia de Bellaria"},"content":{"rendered":"\n<p>Les listes de prix ci-dessus sont valables pour des s\u00e9jours d\u2019au moins 6 jours.<\/p>\n\n\n\n<p><strong>A PARTIR DE LA 3\u00e8me PERSONNE&nbsp;<\/strong>log\u00e9e dans la m\u00eame chambre, \u20ac 45,00 par jour&nbsp;(du 5 au 25 ao\u00fbt \u20ac 60,00 par jour) enfants exclus.<\/p>\n\n\n\n<p style=\"display: block; background: #ff9800; color: #fff; padding: 10px; margin: 20px 0 15px; font-size: 18px; font-weight: 400;\">Nous vous rappelons que la Commune de Bellaria activera la Taxe de S\u00e9jour du 1er juin au 30 septembre 2025 avec une limite de 6 jours cons\u00e9cutifs (elle n&rsquo;est pas appliqu\u00e9e pour les jours suivants). Il est de 1,50 euros par jour pour chaque adulte \u00e2g\u00e9 de 18 ans et plus, les moins de 18 ans ne s&rsquo;appliquent pas. La taxe de s\u00e9jour n&rsquo;est pas incluse dans cette offre.<br><\/p>\n\n\n\n<p> <br> <\/p>\n\n\n\n<h3 class=\"wp-block-heading page-subtitle title-blue\">All Inclusive<\/h3>\n\n\n\n<p><strong>Tout compris pour 18 \u20ac par jour et par chambre.<\/strong><br><br>Comprend parasol et deux chaises longues par chambre, eau et boissons gazeuses \u00e0 la table et les caf\u00e9s au bar de l&rsquo;hotel<br><br><\/p>\n\n\n\n<h3 class=\"wp-block-heading page-subtitle title-blue\">Rabais pour enfants<\/h3>\n\n\n\n<p><strong>Pour les enfants jusqu\u2019\u00e0 2 ans:&nbsp;<\/strong><\/p>\n\n\n\n<p class=\"p1\">Enti\u00e8rement gratuit, les enfants peuvent profiter d\u2019un berceau, d\u2019une chaise haute \u00e0 la table, du personnel de cuisine disponible pour pr\u00e9parer des repas simples pour enfants. Tout sans frais suppl\u00e9mentaires. Les mamans peuvent acc\u00e9der \u00e0 la petite cuisine \u00e9quip\u00e9e d\u2019un r\u00e9frig\u00e9rateur, d\u2019une cuisini\u00e8re, d\u2019un r\u00e9chauffeur, d\u2019un st\u00e9rilisateur, de soucoupes et de couverts pour b\u00e9b\u00e9s.<\/p>\n\n\n\n<p><strong>Des r\u00e9ductions sont disponibles pour les enfants \u00e2g\u00e9s de 3 ans et plus.<\/strong><\/p>\n\n\n\n<p><strong>PLAN FAMILIAL:<\/strong>&nbsp;2 enfants (jusqu\u2019\u00e0 12 ans) + 2 adultes dans la m\u00eame chambre payent 3 adultes.<br><\/p>\n\n\n\n<hr class=\"wp-block-separator has-css-opacity\"\/>\n\n\n\n<h3 class=\"wp-block-heading page-subtitle title-green\">Suppl\u00e9ments et r\u00e9ductions<\/h3>\n\n\n\n<p><strong>CHAMBRE DOUBLE USAGE SIMPLE:<\/strong>&nbsp;(service non disponible du 5 au 31 ao\u00fbt)Supplemento di \u20ac 20,00 al giorno nelle camere Standard e Supercomfort;<\/p>\n\n\n\n<p>Suppl\u00e9ment de 20,00 \u20ac par jour pour les chambres Standard et Supercomfort;<\/p>\n\n\n\n<p>Suppl\u00e9ment de 25,00 \u20ac par jour pour les chambres SuperConfort Vue Sur la Mer;<\/p>\n\n\n\n<p>Il est \u00e9galement possible de choisir la demi-pension ou le B &amp; B<\/p>\n","protected":false},"excerpt":{"rendered":"<p>Les listes de prix ci-dessus sont valables pour des s\u00e9jours d\u2019au moins 6 jours. A PARTIR DE LA 3\u00e8me PERSONNE&nbsp;log\u00e9e dans la m\u00eame chambre, \u20ac 45,00 par jour&nbsp;(du 5 au 25 ao\u00fbt \u20ac 60,00 par jour) enfants exclus. Nous vous rappelons que la Commune de Bellaria activera la Taxe de S\u00e9jour du 1er juin au [&hellip;]<\/p>\n","protected":false},"author":8,"featured_media":4192,"parent":0,"menu_order":0,"comment_status":"closed","ping_status":"closed","template":"page-prezzi-camere.php","meta":{"_acf_changed":false,"footnotes":""},"class_list":["post-2641","page","type-page","status-publish","has-post-thumbnail","hentry"],"acf":[],"_links":{"self":[{"href":"https:\/\/www.hotelvillaclaudia.it\/fr\/wp-json\/wp\/v2\/pages\/2641","targetHints":{"allow":["GET"]}}],"collection":[{"href":"https:\/\/www.hotelvillaclaudia.it\/fr\/wp-json\/wp\/v2\/pages"}],"about":[{"href":"https:\/\/www.hotelvillaclaudia.it\/fr\/wp-json\/wp\/v2\/types\/page"}],"author":[{"embeddable":true,"href":"https:\/\/www.hotelvillaclaudia.it\/fr\/wp-json\/wp\/v2\/users\/8"}],"replies":[{"embeddable":true,"href":"https:\/\/www.hotelvillaclaudia.it\/fr\/wp-json\/wp\/v2\/comments?post=2641"}],"version-history":[{"count":9,"href":"https:\/\/www.hotelvillaclaudia.it\/fr\/wp-json\/wp\/v2\/pages\/2641\/revisions"}],"predecessor-version":[{"id":5149,"href":"https:\/\/www.hotelvillaclaudia.it\/fr\/wp-json\/wp\/v2\/pages\/2641\/revisions\/5149"}],"wp:featuredmedia":[{"embeddable":true,"href":"https:\/\/www.hotelvillaclaudia.it\/fr\/wp-json\/wp\/v2\/media\/4192"}],"wp:attachment":[{"href":"https:\/\/www.hotelvillaclaudia.it\/fr\/wp-json\/wp\/v2\/media?parent=2641"}],"curies":[{"name":"wp","href":"https:\/\/api.w.org\/{rel}","templated":true}]}}