{"id":250,"date":"2015-04-02T17:23:35","date_gmt":"2015-04-02T15:23:35","guid":{"rendered":"http:\/\/villaclaudia.dev\/homepage-2\/"},"modified":"2019-04-29T12:49:06","modified_gmt":"2019-04-29T10:49:06","slug":"homepage","status":"publish","type":"page","link":"https:\/\/www.hotelvillaclaudia.it\/fr\/","title":{"rendered":"Bienvenue \u00e0 l&rsquo;H\u00f4tel Villa Claudia \u00e0 Bellaria!"},"content":{"rendered":"<p class=\"p1\"><span class=\"s1\">Pietro, propri\u00e9taire de l&rsquo;H\u00f4tel 3 \u00e9toiles Villa Claudia, vous attend \u00e0 Bellaria pour passer vos <strong>vacances \u00e0 la mer de fa\u00e7on calme et conscient<\/strong>.<\/span><\/p>\n<p class=\"p1\"><span class=\"s1\">L&rsquo;h\u00f4tel est situ\u00e9 <strong>directement sur la mer<\/strong>, en une position calme et tr\u00e8s prestigieux, pas loin de l&rsquo;\u00eele des Platani, proche du centre turistique, et tr\u00e8s proche de centre commerciale \u00ab\u00a0Romagna Shopping Valley\u00a0\u00bb. Entour\u00e9 d&rsquo;un jardin, o\u00f9 vous pouvez vous rafra\u00eechir \u00e0 l&rsquo;ombre de la v\u00e9randa, apr\u00e8s une belle journ\u00e9e \u00e0 la plage, l&rsquo;h\u00f4tel assure le relax et le bien-\u00eatre les plus grands \u00e0 ses clients. <strong>Enti\u00e8rement climatis\u00e9<\/strong>, la gestion a une empreinte qui vise \u00e0 cr\u00e9er un environnement le plus possible familier et confortable, il est le lieu id\u00e9al pour passer des vacances SEREIN et CONSCIENT. Il offre ausssi un parking s\u00e9curis\u00e9 pour toutes les voitures des clients. Wi-Fi gratuit dans tout l&rsquo;h\u00f4tel.<\/span><\/p>\n<p class=\"p1\">Gr\u00e2ce \u00e0 sa position merveilleuse, de la plupart des chambres de l&rsquo;H\u00f4tel Villa Claudia vous pouvez profiter d&rsquo;une belle vue sur la mer de Bellaria qui vous fera passer des vacances sereineset vous donne la possibilit\u00e9 de respirer l\u2019iode saine \u00e0 tout moment. Vous pouvez choisir entre trois diff\u00e9rents types de chambre, sur votre d\u00e9sir.<\/p>\n<p class=\"p1\"><span class=\"s1\">L&rsquo;h\u00f4tel est situ\u00e9 \u00e0 Bellaria, ancien village de p\u00eacheurs, qui est devenu une destination de vacances \u00e9tabli, id\u00e9al pour tous les \u00e2ges, mais surtout pour les <a href=\"\/fr\/services\/\">familles avec enfants<\/a>; la plage dispose de <strong>nombreux \u00e9quipements et des jeux pour les enfants<\/strong>, pour rendre vos vacances inoubliables et, dans le m\u00eame temps, les parents peuvent se reposer en tout relax.<\/span><\/p>\n<p class=\"p1\"><span class=\"s1\">Mais pas seulement \u00e7a&#8230; la mer, prot\u00e9g\u00e9e par<span class=\"Apple-converted-space\">\u00a0 <\/span>les rochers, a de l&rsquo;eau peu profonde o\u00f9 les enfants peuvent jouer et profiter de la s\u00e9curit\u00e9 et la paix qu&rsquo;elle offre, toujours sous le contr\u00f4le des <\/span><span class=\"s2\">ma\u00eetre nageur<\/span><b> <\/b><span class=\"s1\">qui veille sur eux.<\/span><\/p>\n<p class=\"p1\"><span class=\"s1\">Animations agr\u00e9able pour nos petits h\u00f4tes: Les filles d&rsquo;animation sont disponibles pendant la matin\u00e9e \u00e0 la plage et apr\u00e8s le d\u00e9jeuner \u00e0 l&rsquo;h\u00f4tel, du lundi au vendredi, pour le relax et la libert\u00e9 des parents!!!<\/span><\/p>\n","protected":false},"excerpt":{"rendered":"<p>Pietro, propri\u00e9taire de l&rsquo;H\u00f4tel 3 \u00e9toiles Villa Claudia, vous attend \u00e0 Bellaria pour passer vos vacances \u00e0 la mer de fa\u00e7on calme et conscient. L&rsquo;h\u00f4tel est situ\u00e9 directement sur la mer, en une position calme et tr\u00e8s prestigieux, pas loin de l&rsquo;\u00eele des Platani, proche du centre turistique, et tr\u00e8s proche de centre commerciale \u00ab\u00a0Romagna [&hellip;]<\/p>\n","protected":false},"author":8,"featured_media":0,"parent":0,"menu_order":0,"comment_status":"open","ping_status":"closed","template":"page-home.php","meta":{"_acf_changed":false,"footnotes":""},"class_list":["post-250","page","type-page","status-publish","hentry"],"acf":[],"_links":{"self":[{"href":"https:\/\/www.hotelvillaclaudia.it\/fr\/wp-json\/wp\/v2\/pages\/250","targetHints":{"allow":["GET"]}}],"collection":[{"href":"https:\/\/www.hotelvillaclaudia.it\/fr\/wp-json\/wp\/v2\/pages"}],"about":[{"href":"https:\/\/www.hotelvillaclaudia.it\/fr\/wp-json\/wp\/v2\/types\/page"}],"author":[{"embeddable":true,"href":"https:\/\/www.hotelvillaclaudia.it\/fr\/wp-json\/wp\/v2\/users\/8"}],"replies":[{"embeddable":true,"href":"https:\/\/www.hotelvillaclaudia.it\/fr\/wp-json\/wp\/v2\/comments?post=250"}],"version-history":[{"count":5,"href":"https:\/\/www.hotelvillaclaudia.it\/fr\/wp-json\/wp\/v2\/pages\/250\/revisions"}],"predecessor-version":[{"id":2414,"href":"https:\/\/www.hotelvillaclaudia.it\/fr\/wp-json\/wp\/v2\/pages\/250\/revisions\/2414"}],"wp:attachment":[{"href":"https:\/\/www.hotelvillaclaudia.it\/fr\/wp-json\/wp\/v2\/media?parent=250"}],"curies":[{"name":"wp","href":"https:\/\/api.w.org\/{rel}","templated":true}]}}