{"id":248,"date":"2015-04-03T11:24:24","date_gmt":"2015-04-03T09:24:24","guid":{"rendered":"http:\/\/villaclaudia.dev\/entroterra-romagnolo-ed-eventi-2\/"},"modified":"2015-05-13T10:25:29","modified_gmt":"2015-05-13T08:25:29","slug":"arriere-pays-de-la-romagne-et-evenements","status":"publish","type":"page","link":"https:\/\/www.hotelvillaclaudia.it\/fr\/arriere-pays-de-la-romagne-et-evenements\/","title":{"rendered":"D\u00e9couvrez l&rsquo;arri\u00e8re-pays de la Romagne et ses \u00e9v\u00e8nements, h\u00f4tel Villa Claudia de Bellaria"},"content":{"rendered":"<p>La Romagne est <strong>une terre \u00e0 vivre et \u00e0 d\u00e9couvrir<\/strong>, pas apr\u00e8s pas, en se laissant fasciner par ses panoramas et la beaut\u00e9 anc\u00e9strale de ses paysages. Il suffit alors de parcourir les rues \u00e0 la recherche d\u2019un restaurant typique en d\u00e9couvrant une vue superbe au hasard d\u2019un d\u00e9tour, ou encore de se promener dans les ruelles bord\u00e9es d\u2019arbres des <strong>bourgs m\u00e9di\u00e9vaux<\/strong> et s\u2019arr\u00eater contempler les chats qui se pourchassent en sautant d\u2019un mur \u00e0 l\u2019autre, ou bien de s\u2019asseoir sur un banc pour admirer la mer brillant \u00e0 l\u2019horizon et profiter de la brise l\u00e9g\u00e8re venue rafra\u00eechir l\u2019air du soir.<\/p>\n<p>De nombreux petits villages \u00e0 d\u00e9couvrir vous attendent pour vous raconter les l\u00e9gendes anciennes et vous pr\u00e9senter leurs <strong>traditions culturelles<\/strong> et, pourquoi pas, <strong>oenogastronomiques<\/strong>.<\/p>\n<p>Venez admirer le <strong>ch\u00e2teau de Gradara<\/strong>, c\u00e9l\u00e8bre pour la triste et romantique l\u00e9gende des deux amants malheureux Paolo et Francesca; venez visiter San Leo, perch\u00e9 en haut d\u2019un rocher, d\u2019o\u00f9 l\u2019on peut jouir d\u2019une vue imprenable sur la c\u00f4te adriatique; p\u00e9n\u00e9trez \u00e0 l\u2019int\u00e9rieur du ch\u00e2teau de Montebello pour suivre les traces d\u2019Azzurrina, la petite fille fant\u00f4me qui soi-disant habite le manoir et se manifeste les nuits d\u2019\u00e9t\u00e9; d\u00e9couvrez l\u2019imposante rocca malatestiana de <strong>Montefiore Conca<\/strong>qui domine la vall\u00e9e; d\u00e9tendez-vous dans les thermes de <strong>Montegrimano<\/strong> pour retrouver votre bien-\u00eatre; participez aux f\u00eates costum\u00e9es les plus c\u00e9l\u00e8bres de la Riviera \u00e0 Saludecio avec le Palio del Daino et Mondaino o\u00f9 se d\u00e9roule l\u2019800 Festival.<\/p>\n<p>L\u2019arri\u00e8re-pays de la Romagne est plein de magie et riche en <strong>lieux fascinants \u00e0 d\u00e9couvrir<\/strong>: octroyez-vous une halte dans ces terres de r\u00eave!<\/p>\n","protected":false},"excerpt":{"rendered":"<p>La Romagne est une terre \u00e0 vivre et \u00e0 d\u00e9couvrir, pas apr\u00e8s pas, en se laissant fasciner par ses panoramas et la beaut\u00e9 anc\u00e9strale de ses paysages. Il suffit alors de parcourir les rues \u00e0 la recherche d\u2019un restaurant typique en d\u00e9couvrant une vue superbe au hasard d\u2019un d\u00e9tour, ou encore de se promener dans [&hellip;]<\/p>\n","protected":false},"author":8,"featured_media":0,"parent":0,"menu_order":0,"comment_status":"open","ping_status":"open","template":"","meta":{"_acf_changed":false,"footnotes":""},"class_list":["post-248","page","type-page","status-publish","hentry"],"acf":[],"_links":{"self":[{"href":"https:\/\/www.hotelvillaclaudia.it\/fr\/wp-json\/wp\/v2\/pages\/248","targetHints":{"allow":["GET"]}}],"collection":[{"href":"https:\/\/www.hotelvillaclaudia.it\/fr\/wp-json\/wp\/v2\/pages"}],"about":[{"href":"https:\/\/www.hotelvillaclaudia.it\/fr\/wp-json\/wp\/v2\/types\/page"}],"author":[{"embeddable":true,"href":"https:\/\/www.hotelvillaclaudia.it\/fr\/wp-json\/wp\/v2\/users\/8"}],"replies":[{"embeddable":true,"href":"https:\/\/www.hotelvillaclaudia.it\/fr\/wp-json\/wp\/v2\/comments?post=248"}],"version-history":[{"count":1,"href":"https:\/\/www.hotelvillaclaudia.it\/fr\/wp-json\/wp\/v2\/pages\/248\/revisions"}],"predecessor-version":[{"id":271,"href":"https:\/\/www.hotelvillaclaudia.it\/fr\/wp-json\/wp\/v2\/pages\/248\/revisions\/271"}],"wp:attachment":[{"href":"https:\/\/www.hotelvillaclaudia.it\/fr\/wp-json\/wp\/v2\/media?parent=248"}],"curies":[{"name":"wp","href":"https:\/\/api.w.org\/{rel}","templated":true}]}}