{"id":242,"date":"2015-04-02T17:23:35","date_gmt":"2015-04-02T15:23:35","guid":{"rendered":"http:\/\/villaclaudia.dev\/last-minute-2\/"},"modified":"2024-07-09T15:28:48","modified_gmt":"2024-07-09T13:28:48","slug":"last-minute","status":"publish","type":"page","link":"https:\/\/www.hotelvillaclaudia.it\/fr\/last-minute\/","title":{"rendered":"Offres last minute h\u00f4tel Bellaria"},"content":{"rendered":"<p>L&rsquo;H\u00f4tel Villa Claudia de Bellaria offre une myriade de possibilit\u00e9s pour r\u00e9server votre s\u00e9jour gr\u00e2ce \u00e0 des offres uniques et avantageux. S&rsquo;il n&rsquo;y a pas d&rsquo;offres pour vous visitez la <a href=\"https:\/\/www.hotelvillaclaudia.it\/fr\/tarif\/\">page de la liste<\/a> o\u00f9 vous trouverez de nombreuses informations utiles.<\/p>\n\n\n<a href=\"https:\/\/villaclaudia.comodohotel.it\/?lang=fr\" class=\"btn btn-warning mt-4\" title=\"richiedi un Preventivo\">Demander un devis personnalis\u00e9<\/a>\n","protected":false},"excerpt":{"rendered":"<p>L&rsquo;H\u00f4tel Villa Claudia de Bellaria offre une myriade de possibilit\u00e9s pour r\u00e9server votre s\u00e9jour gr\u00e2ce \u00e0 des offres uniques et avantageux. S&rsquo;il n&rsquo;y a pas d&rsquo;offres pour vous visitez la page de la liste o\u00f9 vous trouverez de nombreuses informations utiles. Demander un devis personnalis\u00e9<\/p>\n","protected":false},"author":8,"featured_media":0,"parent":0,"menu_order":0,"comment_status":"open","ping_status":"closed","template":"page-offers.php","meta":{"_acf_changed":false,"footnotes":""},"class_list":["post-242","page","type-page","status-publish","hentry"],"acf":[],"_links":{"self":[{"href":"https:\/\/www.hotelvillaclaudia.it\/fr\/wp-json\/wp\/v2\/pages\/242","targetHints":{"allow":["GET"]}}],"collection":[{"href":"https:\/\/www.hotelvillaclaudia.it\/fr\/wp-json\/wp\/v2\/pages"}],"about":[{"href":"https:\/\/www.hotelvillaclaudia.it\/fr\/wp-json\/wp\/v2\/types\/page"}],"author":[{"embeddable":true,"href":"https:\/\/www.hotelvillaclaudia.it\/fr\/wp-json\/wp\/v2\/users\/8"}],"replies":[{"embeddable":true,"href":"https:\/\/www.hotelvillaclaudia.it\/fr\/wp-json\/wp\/v2\/comments?post=242"}],"version-history":[{"count":5,"href":"https:\/\/www.hotelvillaclaudia.it\/fr\/wp-json\/wp\/v2\/pages\/242\/revisions"}],"predecessor-version":[{"id":4621,"href":"https:\/\/www.hotelvillaclaudia.it\/fr\/wp-json\/wp\/v2\/pages\/242\/revisions\/4621"}],"wp:attachment":[{"href":"https:\/\/www.hotelvillaclaudia.it\/fr\/wp-json\/wp\/v2\/media?parent=242"}],"curies":[{"name":"wp","href":"https:\/\/api.w.org\/{rel}","templated":true}]}}