{"id":238,"date":"2015-04-02T17:23:36","date_gmt":"2015-04-02T15:23:36","guid":{"rendered":"http:\/\/villaclaudia.dev\/listino-2\/"},"modified":"2019-05-16T14:26:54","modified_gmt":"2019-05-16T12:26:54","slug":"tarif-2018","status":"publish","type":"page","link":"https:\/\/www.hotelvillaclaudia.it\/fr\/tarif-2018\/","title":{"rendered":"H\u00f4tel \u00e9conomique Bellaria, Tarif s\u00e9jour H\u00f4tel \u00e0 la mer, H\u00f4tel Villa Claudia de Bellaria"},"content":{"rendered":"<p style=\"display: block; background: #ff9800; color: #fff; padding: 10px; margin: 20px 0 15px; font-size: 14px; font-weight: 800;\">Les listes de prix ci-dessus sont valables pour des s\u00e9jours d&rsquo;au moins 6 jours.<\/p>\n<h3 class=\"page-subtitle title-blue\">Rabais pour enfants<\/h3>\n<p><strong>Pour les enfants jusqu&rsquo;\u00e0 2 ans:&nbsp;<\/strong><\/p>\n<p class=\"p1\">Enti\u00e8rement gratuit, les enfants peuvent profiter d&rsquo;un berceau, d&rsquo;une chaise haute \u00e0 la table, du personnel de cuisine disponible pour pr\u00e9parer des repas simples pour enfants. Tout sans frais suppl\u00e9mentaires. Les mamans peuvent acc\u00e9der \u00e0 la petite cuisine \u00e9quip\u00e9e d&rsquo;un r\u00e9frig\u00e9rateur, d&rsquo;une cuisini\u00e8re, d&rsquo;un r\u00e9chauffeur, d&rsquo;un st\u00e9rilisateur, de soucoupes et de couverts pour b\u00e9b\u00e9s.<\/p>\n<p><strong>R\u00e9ductions pour les enfants de 3 \u00e0 12 ans:<\/strong><\/p>\n<ul>\n<li>De 3 \u00e0 6 ans 50% de r\u00e9duction;<\/li>\n<li>De 7 \u00e0 12 ans 30% de r\u00e9duction.<\/li>\n<\/ul>\n<p><strong>PLAN FAMILIAL:<\/strong> 2 enfants (jusqu&rsquo;\u00e0 12 ans) + 2 adultes dans la m\u00eame chambre payent 3 adultes.<\/p>\n<p>[suite][\/suite]<\/p>\n<p style=\"display: block; background: #ff9800; color: #fff; padding: 10px; margin: 20px 0 15px; font-size: 14px; font-weight: 800;\">Nous vous rappelons que la Ville de Bellaria ne activera pas la taxe de s\u00e9jour, m\u00eame pour la saison 2018, donnant \u00e0 nos clients d&rsquo;autre avantage.<\/p>\n<h3 class=\"page-subtitle title-blue\">Nous avons beaucoup d&rsquo;offres personnalis\u00e9es pour vous !!!<br \/>\n<small>Demandez un devis et nous allons vous surprendre !!!<\/small><\/h3>\n<h3 class=\"page-subtitle title-green\">Offre de P\u00e2ques<br \/>\n<small>Du 18 au 23 avril<\/small><\/h3>\n<p>Chambre Confort:<strong> 58,00 \u20ac<\/strong><br \/>\nChambre Super Confort: <strong>63,00 \u20ac<\/strong><br \/>\nChambre Super Confort avec Vue sur la Mer: <strong>66,00 \u20ac<\/strong><\/p>\n<hr>\n<h3 class=\"page-subtitle title-green\">Offre de fid\u00e9lit\u00e9<\/h3>\n<p class=\"p1\">R\u00e9duction de fid\u00e9lit\u00e9 pour les r\u00e9servations au 31\/03\/2018 (max 10%): 1% de r\u00e9duction pour chaque ann\u00e9e de s\u00e9jour, m\u00eame non cons\u00e9cutive, \u00e0 l&rsquo;h\u00f4tel \u00e0 partir de 2000. La r\u00e9duction n&rsquo;est pas calcul\u00e9e sur les extras.<\/p>\n<hr>\n<h3 class=\"page-subtitle title-green\">Offre Coquille<\/h3>\n<p><strong>A partir du 15\u00e8me jour de pension complete rabais de 10%<\/strong><br \/>\npour les 14 premiers jours prix entier<\/p>\n<hr>\n<p><small>* <strong>Toutes les chambres ont l\u2019air conditionn\u00e9<\/strong>. Les prix indiqu\u00e9s sont par personne et par jour et incluent: Chambre, petit-d\u00e9jeuner avec buffet self-service, d\u00e9jeuner et d\u00eener avec au-moins deux menus au choix et buffet de l\u00e9gumes, eau aux repas (pas de vin), air conditionn\u00e9 dans tout l&rsquo;h\u00f4tel, ascenseur, coin enfants, service, taxes et TVA. En cas d\u2019arriv\u00e9e posticip\u00e9e ou de d\u00e9part anticip\u00e9 par rapport \u00e0 la p\u00e9riode r\u00e9serv\u00e9e, pour les jours non utilis\u00e9s, la Direction demandera le paiement du prix de la nuit. Les chambres sont \u00e0 la disposition des clients \u00e0 partir de 12h00 du jour d\u2019arriv\u00e9e et devront \u00eatre lib\u00e9r\u00e9es avant 09h00 du jour du d\u00e9part.<br \/>\n<\/small><\/p>\n<hr>\n<h3 class=\"page-subtitle title-orange\">Suppl\u00e9ments et r\u00e9ductions<\/h3>\n<p><strong>A PARTIR DE LA 3\u00e8me PERSONNE <\/strong>log\u00e9e dans la m\u00eame chambre, \u20ac 45,00 par jour&nbsp;(du 5 au 25 ao\u00fbt \u20ac 60,00 par jour) enfants exclus.<\/p>\n<p><strong>CHAMBRE DOUBLE USAGE SIMPLE:<\/strong> (service non disponible du 5 au 31 ao\u00fbt)<\/p>\n<p>Suppl\u00e9ment de 20,00 \u20ac par jour sur les prix indiqu\u00e9s pour les chambres&nbsp;<span class=\"s1\">Standard<\/span> et Supercomfort;<\/p>\n<p>Suppl\u00e9ment de 25,00 \u20ac par jour sur les prix indiqu\u00e9s pour les chambres SuperConfort Vue Sur la Mer;<\/p>\n<p>(les suppl\u00e9ments sont appliqu\u00e9s \u00e9galement pour un adulte dans la chambre avec un ou plusieurs enfants gratuits)<\/p>\n<p><strong>Demi-Pension: <\/strong>(petit-d\u00e9jeuner, 1 repas et nuit): R\u00e9duction de 5,00 \u20ac par personne et par jour<\/p>\n<p><strong>B&amp;B (nuit + petit-d\u00e9jeuner):<\/strong> R\u00e9duction de 15,00 \u20ac par personne et par jour (service non disponible du 5 au 26 ao\u00fbt)<\/p>\n","protected":false},"excerpt":{"rendered":"<p>Les listes de prix ci-dessus sont valables pour des s\u00e9jours d&rsquo;au moins 6 jours. Rabais pour enfants Pour les enfants jusqu&rsquo;\u00e0 2 ans:&nbsp; Enti\u00e8rement gratuit, les enfants peuvent profiter d&rsquo;un berceau, d&rsquo;une chaise haute \u00e0 la table, du personnel de cuisine disponible pour pr\u00e9parer des repas simples pour enfants. Tout sans frais suppl\u00e9mentaires. Les mamans [&hellip;]<\/p>\n","protected":false},"author":8,"featured_media":0,"parent":0,"menu_order":0,"comment_status":"open","ping_status":"closed","template":"page-pricelist.php","meta":{"_acf_changed":false,"footnotes":""},"class_list":["post-238","page","type-page","status-publish","hentry"],"acf":[],"_links":{"self":[{"href":"https:\/\/www.hotelvillaclaudia.it\/fr\/wp-json\/wp\/v2\/pages\/238","targetHints":{"allow":["GET"]}}],"collection":[{"href":"https:\/\/www.hotelvillaclaudia.it\/fr\/wp-json\/wp\/v2\/pages"}],"about":[{"href":"https:\/\/www.hotelvillaclaudia.it\/fr\/wp-json\/wp\/v2\/types\/page"}],"author":[{"embeddable":true,"href":"https:\/\/www.hotelvillaclaudia.it\/fr\/wp-json\/wp\/v2\/users\/8"}],"replies":[{"embeddable":true,"href":"https:\/\/www.hotelvillaclaudia.it\/fr\/wp-json\/wp\/v2\/comments?post=238"}],"version-history":[{"count":5,"href":"https:\/\/www.hotelvillaclaudia.it\/fr\/wp-json\/wp\/v2\/pages\/238\/revisions"}],"predecessor-version":[{"id":1623,"href":"https:\/\/www.hotelvillaclaudia.it\/fr\/wp-json\/wp\/v2\/pages\/238\/revisions\/1623"}],"wp:attachment":[{"href":"https:\/\/www.hotelvillaclaudia.it\/fr\/wp-json\/wp\/v2\/media?parent=238"}],"curies":[{"name":"wp","href":"https:\/\/api.w.org\/{rel}","templated":true}]}}