{"id":231,"date":"2015-04-03T11:26:04","date_gmt":"2015-04-03T09:26:04","guid":{"rendered":"http:\/\/villaclaudia.dev\/eco-hotel-2\/"},"modified":"2015-12-14T10:54:03","modified_gmt":"2015-12-14T09:54:03","slug":"hotel-ecologique","status":"publish","type":"page","link":"https:\/\/www.hotelvillaclaudia.it\/fr\/hotel-ecologique\/","title":{"rendered":"H\u00f4tel Villa Claudia: H\u00f4tel \u00e9cologique"},"content":{"rendered":"<p><img loading=\"lazy\" decoding=\"async\" class=\"alignright wp-image-109 size-medium\" src=\"https:\/\/www.hotelvillaclaudia.it\/wp-content\/uploads\/2015\/04\/ecologia-300x182.jpg\" alt=\"ecologia\" width=\"300\" height=\"182\" srcset=\"https:\/\/www.hotelvillaclaudia.it\/wp-content\/uploads\/2015\/04\/ecologia-300x182.jpg 300w, https:\/\/www.hotelvillaclaudia.it\/wp-content\/uploads\/2015\/04\/ecologia.jpg 494w\" sizes=\"auto, (max-width: 300px) 100vw, 300px\" \/><\/p>\n<p>La propri\u00e9t\u00e9 de Villa Claudia, toujours attentif et sensible \u00e0 l&rsquo;environnement qui nous entoure, fait partie de la Legambiente et Green Tourism <strong>\u00e9cologiques h\u00f4tels<\/strong>. L&rsquo;objectif de Villa Claudia est de r\u00e9duire l&rsquo;impact de ses activit\u00e9s sur l&rsquo;environnement et encourager s\u00e9jour plus conscients et de qualit\u00e9.<\/p>\n<p>Afin d&rsquo;atteindre cet objectif, l&rsquo;h\u00f4tel propose la <strong>collecte s\u00e9par\u00e9e<\/strong> des mati\u00e8res recyclables, adopt\u00e9 un syst\u00e8me d&rsquo;\u00e9conomie d&rsquo;\u00e9nergie et d&rsquo;eau, et invite le personnel et les clients \u00e0 l&rsquo;utilisation responsable des ressources.<\/p>\n<p>En outre, l&rsquo;h\u00f4tel utilise des d\u00e9tergents \u00e9cologiques, a des <strong>environnements insonoris\u00e9es<\/strong> pour contenir le bruit, promote des voyages en transports en commun, propose \u00e0 ses clients des v\u00e9los et diffuse des informations sur les \u00e9v\u00e9nements, les monuments et les zones du patrimoine artistique, historique et naturel.<\/p>\n<p>En plus de tout cela, <a href=\"https:\/\/www.hotelvillaclaudia.it\/fr\/cuisine\/\">la cuisine<\/a> de l&rsquo;h\u00f4tel Villa Claudia de Bellaria utilise des aliments biologiques, les fruits et l\u00e9gumes frais issus de l&rsquo;<strong>agriculture biologique<\/strong> et <strong>rejette l&rsquo;utilisation des OGM<\/strong>.<\/p>\n<p>Depuis 2001, gr\u00e2ce \u00e0 la Villa Claudia et autres h\u00f4teliers sensibles \u00e0 la protection de l&rsquo;environnement, Bellaria se distingue pour avoir d\u00e9velopp\u00e9 avec succ\u00e8s et tous les objectifs qui sous-tendent la <strong>Legambiente Turismo D\u00e9calogue<\/strong>.<\/p>\n","protected":false},"excerpt":{"rendered":"<p>La propri\u00e9t\u00e9 de Villa Claudia, toujours attentif et sensible \u00e0 l&rsquo;environnement qui nous entoure, fait partie de la Legambiente et Green Tourism \u00e9cologiques h\u00f4tels. L&rsquo;objectif de Villa Claudia est de r\u00e9duire l&rsquo;impact de ses activit\u00e9s sur l&rsquo;environnement et encourager s\u00e9jour plus conscients et de qualit\u00e9. Afin d&rsquo;atteindre cet objectif, l&rsquo;h\u00f4tel propose la collecte s\u00e9par\u00e9e des [&hellip;]<\/p>\n","protected":false},"author":8,"featured_media":0,"parent":0,"menu_order":0,"comment_status":"open","ping_status":"open","template":"","meta":{"_acf_changed":false,"footnotes":""},"class_list":["post-231","page","type-page","status-publish","hentry"],"acf":[],"_links":{"self":[{"href":"https:\/\/www.hotelvillaclaudia.it\/fr\/wp-json\/wp\/v2\/pages\/231","targetHints":{"allow":["GET"]}}],"collection":[{"href":"https:\/\/www.hotelvillaclaudia.it\/fr\/wp-json\/wp\/v2\/pages"}],"about":[{"href":"https:\/\/www.hotelvillaclaudia.it\/fr\/wp-json\/wp\/v2\/types\/page"}],"author":[{"embeddable":true,"href":"https:\/\/www.hotelvillaclaudia.it\/fr\/wp-json\/wp\/v2\/users\/8"}],"replies":[{"embeddable":true,"href":"https:\/\/www.hotelvillaclaudia.it\/fr\/wp-json\/wp\/v2\/comments?post=231"}],"version-history":[{"count":5,"href":"https:\/\/www.hotelvillaclaudia.it\/fr\/wp-json\/wp\/v2\/pages\/231\/revisions"}],"predecessor-version":[{"id":485,"href":"https:\/\/www.hotelvillaclaudia.it\/fr\/wp-json\/wp\/v2\/pages\/231\/revisions\/485"}],"wp:attachment":[{"href":"https:\/\/www.hotelvillaclaudia.it\/fr\/wp-json\/wp\/v2\/media?parent=231"}],"curies":[{"name":"wp","href":"https:\/\/api.w.org\/{rel}","templated":true}]}}