{"id":225,"date":"2015-04-07T11:40:49","date_gmt":"2015-04-07T09:40:49","guid":{"rendered":"http:\/\/villaclaudia.dev\/ferragosto-a-bellaria-offerte-e-pacchetti-per-il-vostro-soggiorno-o-week-end-2\/"},"modified":"2015-05-13T10:27:53","modified_gmt":"2015-05-13T08:27:53","slug":"offres-speciales-mi-aout","status":"publish","type":"page","link":"https:\/\/www.hotelvillaclaudia.it\/fr\/offres-speciales-mi-aout\/","title":{"rendered":"Ao\u00fbt \u00e0 Bellaria: Offres et forfaits pour vos vacances ou week-end"},"content":{"rendered":"<p>L&rsquo;H\u00f4tel Villa Claudia se pr\u00e9pare \u00e0 c\u00e9l\u00e9brer l&rsquo;Assomption, cr\u00e9ant forfaits vacances et des tarifs attractifs. Ici vous pouvez trouver les offres que l&rsquo;h\u00f4tel \u00e0 Bellaria a pens\u00e9 pour vous.<\/p>\n<h2 class=\"page-subtitle title-blue\">Ao\u00fbt et amusement \u00e0 Bellaria<\/h2>\n<p>L&rsquo;\u00e9t\u00e9 approche et comme chaque ann\u00e9e, on attend la saison pour passer les mois et, enfin, nous pouvons c\u00e9l\u00e9brer l&rsquo;Assomption, Le 15 Ao\u00fbt.<\/p>\n<p>Ao\u00fbt, l&rsquo;\u00e9t\u00e9 du Nouvel An est le sommet de l&rsquo;\u00e9t\u00e9 \u00e0 Rimini et de la C\u00f4te Adriatique, et les touristes devraient profiter de l&rsquo;occasion pour c\u00e9l\u00e9brer sur la plage en profitant du soleil, de la mer, d\u00e9tente et plaisir.<\/p>\n","protected":false},"excerpt":{"rendered":"<p>L&rsquo;H\u00f4tel Villa Claudia se pr\u00e9pare \u00e0 c\u00e9l\u00e9brer l&rsquo;Assomption, cr\u00e9ant forfaits vacances et des tarifs attractifs. Ici vous pouvez trouver les offres que l&rsquo;h\u00f4tel \u00e0 Bellaria a pens\u00e9 pour vous. Ao\u00fbt et amusement \u00e0 Bellaria L&rsquo;\u00e9t\u00e9 approche et comme chaque ann\u00e9e, on attend la saison pour passer les mois et, enfin, nous pouvons c\u00e9l\u00e9brer l&rsquo;Assomption, Le [&hellip;]<\/p>\n","protected":false},"author":8,"featured_media":0,"parent":0,"menu_order":0,"comment_status":"open","ping_status":"open","template":"page-offers.php","meta":{"_acf_changed":false,"footnotes":""},"class_list":["post-225","page","type-page","status-publish","hentry"],"acf":[],"_links":{"self":[{"href":"https:\/\/www.hotelvillaclaudia.it\/fr\/wp-json\/wp\/v2\/pages\/225","targetHints":{"allow":["GET"]}}],"collection":[{"href":"https:\/\/www.hotelvillaclaudia.it\/fr\/wp-json\/wp\/v2\/pages"}],"about":[{"href":"https:\/\/www.hotelvillaclaudia.it\/fr\/wp-json\/wp\/v2\/types\/page"}],"author":[{"embeddable":true,"href":"https:\/\/www.hotelvillaclaudia.it\/fr\/wp-json\/wp\/v2\/users\/8"}],"replies":[{"embeddable":true,"href":"https:\/\/www.hotelvillaclaudia.it\/fr\/wp-json\/wp\/v2\/comments?post=225"}],"version-history":[{"count":3,"href":"https:\/\/www.hotelvillaclaudia.it\/fr\/wp-json\/wp\/v2\/pages\/225\/revisions"}],"predecessor-version":[{"id":266,"href":"https:\/\/www.hotelvillaclaudia.it\/fr\/wp-json\/wp\/v2\/pages\/225\/revisions\/266"}],"wp:attachment":[{"href":"https:\/\/www.hotelvillaclaudia.it\/fr\/wp-json\/wp\/v2\/media?parent=225"}],"curies":[{"name":"wp","href":"https:\/\/api.w.org\/{rel}","templated":true}]}}