{"id":221,"date":"2015-04-02T17:23:36","date_gmt":"2015-04-02T15:23:36","guid":{"rendered":"http:\/\/villaclaudia.dev\/contatti-2\/"},"modified":"2017-06-02T12:04:40","modified_gmt":"2017-06-02T10:04:40","slug":"contacts","status":"publish","type":"page","link":"https:\/\/www.hotelvillaclaudia.it\/fr\/contacts\/","title":{"rendered":"Comment nous rejoindre, contacts de   l&rsquo; h\u00f4tel Villa Claudia de Bellaria"},"content":{"rendered":"<h2 class=\"page-subtitle title-blue\">Comment nous rejoindre en voiture<\/h2>\n<p>L&rsquo;h\u00f4tel Villa Claudia se trouve \u00e0 Bellaria, directement en bord de mer, \u00e0 quelques kilom\u00e8tres de la sortie Rimini Nord et Valle del Rubicone de l&rsquo;autoroute A14.<\/p>\n<h4><span style=\"font-family: Idea Bold;\"><span style=\"color: #cc6600;\"><strong>Si vous venez du Sud &#8211;&gt; Sortie de l&rsquo;Autoroute A14 Rimini Nord<\/strong>:<\/span><\/span><\/h4>\n<p>Apr\u00e8s le p\u00e9age, tournez \u00e0 droite au croisement, puis \u00e0 gauche au rond-point, direction Rimini. Arriv\u00e9s au second rond-point, prenez la troisi\u00e8me sortie et empruntez la via Popilia\/SS16 en direction de Ravenna. Continuez sur la SS16; prenez la sortie San Mauro Mare et continuez en direction de Savignano Mare\/S. Mauro Mare. Au rond-point, prenez la deuxi\u00e8me sortie et empruntez l&rsquo;avenue V.le Marina. Tournez \u00e0 droite, rue V.le Alfredo Panzini et continuez tout droit jusqu\u2019\u00e0 ce que vous trouviez sur votre gauche la rue Via Bolzano. Allez presque tout au bout de la rue et vous verrez notre h\u00f4tel sur votre droite.<\/p>\n<h4><span style=\"font-family: Idea Bold;\"><span style=\"color: #cc6600;\"><strong>Si vous venez du Nord &#8211;&gt; Sortie de l&rsquo;Autoroute A14 Valle del Rubicone<\/strong>:<\/span><\/span><\/h4>\n<p>Au rond-point \u00e0 droite en direction de Gatteo Mare, droite et apr\u00e8s 7 Km jusqu&rsquo;au rond-point avec des fontaines. Prendre la premi\u00e8re sortie \u00e0 droite et continuez tout droit jusqu&rsquo;\u00e0 vous arrivez \u00e0 un nouveau rond-point, 3\u00e8me Sortez par la droite dans Viale Marina, jusqu&rsquo;au chemin de fer traversant. Tournez imm\u00e9diatement \u00e0 droite dans la rue Via Panzini et continuez tout droit jusqu&rsquo;\u00e0 vous voyez sur la gauche Via Bolzano. Notre h\u00f4tel est situ\u00e9 au num\u00e9ro 16.<\/p>\n<h2 class=\"page-subtitle title-green\">Comment nous rejoindre par le train<\/h2>\n<ul>\n<li>Gare de Bellaria 1 Km<\/li>\n<li>Gare de Rimini 15 km.<\/li>\n<\/ul>\n","protected":false},"excerpt":{"rendered":"<p>Comment nous rejoindre en voiture L&rsquo;h\u00f4tel Villa Claudia se trouve \u00e0 Bellaria, directement en bord de mer, \u00e0 quelques kilom\u00e8tres de la sortie Rimini Nord et Valle del Rubicone de l&rsquo;autoroute A14. Si vous venez du Sud &#8211;&gt; Sortie de l&rsquo;Autoroute A14 Rimini Nord: Apr\u00e8s le p\u00e9age, tournez \u00e0 droite au croisement, puis \u00e0 gauche [&hellip;]<\/p>\n","protected":false},"author":8,"featured_media":0,"parent":0,"menu_order":0,"comment_status":"open","ping_status":"closed","template":"page-contacts.php","meta":{"_acf_changed":false,"footnotes":""},"class_list":["post-221","page","type-page","status-publish","hentry"],"acf":[],"_links":{"self":[{"href":"https:\/\/www.hotelvillaclaudia.it\/fr\/wp-json\/wp\/v2\/pages\/221","targetHints":{"allow":["GET"]}}],"collection":[{"href":"https:\/\/www.hotelvillaclaudia.it\/fr\/wp-json\/wp\/v2\/pages"}],"about":[{"href":"https:\/\/www.hotelvillaclaudia.it\/fr\/wp-json\/wp\/v2\/types\/page"}],"author":[{"embeddable":true,"href":"https:\/\/www.hotelvillaclaudia.it\/fr\/wp-json\/wp\/v2\/users\/8"}],"replies":[{"embeddable":true,"href":"https:\/\/www.hotelvillaclaudia.it\/fr\/wp-json\/wp\/v2\/comments?post=221"}],"version-history":[{"count":4,"href":"https:\/\/www.hotelvillaclaudia.it\/fr\/wp-json\/wp\/v2\/pages\/221\/revisions"}],"predecessor-version":[{"id":1160,"href":"https:\/\/www.hotelvillaclaudia.it\/fr\/wp-json\/wp\/v2\/pages\/221\/revisions\/1160"}],"wp:attachment":[{"href":"https:\/\/www.hotelvillaclaudia.it\/fr\/wp-json\/wp\/v2\/media?parent=221"}],"curies":[{"name":"wp","href":"https:\/\/api.w.org\/{rel}","templated":true}]}}