{"id":217,"date":"2015-04-07T15:51:49","date_gmt":"2015-04-07T13:51:49","guid":{"rendered":"http:\/\/villaclaudia.dev\/hotel-cucina-vegetariana-e-vegana-2\/"},"modified":"2015-12-14T10:56:24","modified_gmt":"2015-12-14T09:56:24","slug":"hotel-cuisine-vegetarien-et-vegetalien","status":"publish","type":"page","link":"https:\/\/www.hotelvillaclaudia.it\/fr\/hotel-cuisine-vegetarien-et-vegetalien\/","title":{"rendered":"H\u00f4tel pour les v\u00e9g\u00e9tariens et les v\u00e9g\u00e9taliens \u00e0 Rimini"},"content":{"rendered":"<blockquote><p>\u00ab\u00a0\u00catre un v\u00e9g\u00e9tarien permettre de vivre mieux et d&rsquo;\u00e9conomiser de la souffrance. Les \u00e9levages intensifs sont aujoud&rsquo;hui la principale source de pollution. R\u00e9duire la consommation de produits d&rsquo;origine animale ferait bon \u00e0 l&rsquo;environnement et aux animaux, dont beaucoup sont maintenant r\u00e9duit \u00e0 vraie machines de viande\u00a0\u00bb<cite>&#8211; Margherita Hack<\/cite><\/p><\/blockquote>\n<p class=\"p1\"><span class=\"s1\">Notre slogan est \u201cune vacance sereine et consciente\u201d. La direction de l&rsquo;H\u00f4tel Villa Claudia a \u00e9t\u00e9 impliqu\u00e9 depuis des ann\u00e9es dans la <strong>r\u00e9duction de l&rsquo;impact environnemental<\/strong> et d&rsquo;am\u00e9liorer la qualit\u00e9 du service de sa structure en adoptant des syst\u00e8mes d&rsquo;\u00e9conomie d&rsquo;\u00e9nergie \/ de l&rsquo;eau, tout en offrant un certain nombre de <strong>produits \u00e0 z\u00e9ro km<\/strong> <strong>et biologique<\/strong> (<a href=\"\/fr\/hotel-ecologique\/\">cliquez ici pour en savoir plus<\/a>). En 2012, nous avons gagn\u00e9 l&rsquo;<strong>Oscar pour une saine alimentation<\/strong> et pour la qualit\u00e9 des aliments et du vin (<a href=\"http:\/\/www.greenplanet.net\/ecco-gli-oscar-di-legambiente-il-2012\" target=\"_blank\">cliquez ici pour en savoir plus<\/a>).<\/span><\/p>\n<p class=\"p1\"><span class=\"s1\">Un peu par nature, un peu comme une cons\u00e9quence naturelle, le personnel de cuisine de l&rsquo;H\u00f4tel Villa Claudia est sp\u00e9cialis\u00e9 dans la cr\u00e9ation des plats qui, en plus d&rsquo;\u00eatre naturel, sont aussi \u201c<strong>Cruelty Free<\/strong>\u201d.<\/span><\/p>\n<p><img loading=\"lazy\" decoding=\"async\" class=\"aligncenter wp-image-100 size-full\" src=\"https:\/\/www.hotelvillaclaudia.it\/wp-content\/uploads\/2015\/04\/colazione_bio.jpg\" alt=\"colazione_bio\" width=\"600\" height=\"275\" srcset=\"https:\/\/www.hotelvillaclaudia.it\/wp-content\/uploads\/2015\/04\/colazione_bio.jpg 600w, https:\/\/www.hotelvillaclaudia.it\/wp-content\/uploads\/2015\/04\/colazione_bio-300x138.jpg 300w\" sizes=\"auto, (max-width: 600px) 100vw, 600px\" \/><\/p>\n<p class=\"p1\"><span class=\"s1\">Que vous \u00eates <strong>v\u00e9g\u00e9tarien ou v\u00e9g\u00e9talien<\/strong>, vous aurez s\u00fbrement trouv\u00e9 la difficult\u00e9 \u00e0 choisir les restaurants ou les localit\u00e9 de vacances qui peuvent offrir quelque chose de plus que simplement les plats de garniture. La culture Vert, en Italie, est assez r\u00e9cente et, malheureusement, la plupart des localit\u00e9 de la Riviera n&rsquo;est pas adapt\u00e9e \u00e0 cette demande croissante.<\/span><\/p>\n<p class=\"p1\"><span class=\"s1\">Pour compenser l&rsquo;H\u00f4tel Villa Claudia, en plus de sa gamme de <strong>produits biologiques<\/strong>, propose un riche buffet de l\u00e9gumes frais, ainsi que des <strong>menus sp\u00e9cifiques v\u00e9g\u00e9tariens et v\u00e9g\u00e9taliens.<\/strong><\/span><\/p>\n<h2 class=\"page-subtitle title-green\">Cuisine v\u00e9g\u00e9tarienne et v\u00e9g\u00e9talienne<\/h2>\n<p><img loading=\"lazy\" decoding=\"async\" class=\"alignleft wp-image-103 size-full\" src=\"https:\/\/www.hotelvillaclaudia.it\/wp-content\/uploads\/2015\/04\/colazione_fragole.jpg\" alt=\"colazione_fragole\" width=\"180\" height=\"180\" srcset=\"https:\/\/www.hotelvillaclaudia.it\/wp-content\/uploads\/2015\/04\/colazione_fragole.jpg 180w, https:\/\/www.hotelvillaclaudia.it\/wp-content\/uploads\/2015\/04\/colazione_fragole-150x150.jpg 150w, https:\/\/www.hotelvillaclaudia.it\/wp-content\/uploads\/2015\/04\/colazione_fragole-120x120.jpg 120w\" sizes=\"auto, (max-width: 180px) 100vw, 180px\" \/>En Romagne, un des aliments traditionnels est certainement la piadina. Ici vous pouvez la trouver <strong>sans saindoux<\/strong>, pr\u00e9par\u00e9e avec huile d&rsquo;olive et accompagn\u00e9s de fromages du terroir et melon.<\/p>\n<p><img loading=\"lazy\" decoding=\"async\" class=\"alignright wp-image-104 size-full\" src=\"https:\/\/www.hotelvillaclaudia.it\/wp-content\/uploads\/2015\/04\/crespelle_vegan.jpg\" alt=\"crespelle_vegan\" width=\"180\" height=\"180\" srcset=\"https:\/\/www.hotelvillaclaudia.it\/wp-content\/uploads\/2015\/04\/crespelle_vegan.jpg 180w, https:\/\/www.hotelvillaclaudia.it\/wp-content\/uploads\/2015\/04\/crespelle_vegan-150x150.jpg 150w, https:\/\/www.hotelvillaclaudia.it\/wp-content\/uploads\/2015\/04\/crespelle_vegan-120x120.jpg 120w\" sizes=\"auto, (max-width: 180px) 100vw, 180px\" \/>Beaucoup de variations dans la pr\u00e9paration de c\u00e9r\u00e9ales et de l\u00e9gumes comme l&rsquo;\u00e9peautre, lentilles, haricots, pois chiches, <strong>seitan, tofu et tempeh<\/strong>, assurent la quantit\u00e9 n\u00e9cessaire de prot\u00e9ines et de fer (ce dernier en particulier peut faire d\u00e9faut dans les r\u00e9gimes v\u00e9g\u00e9tariens et v\u00e9g\u00e9taliens) sans perte de go\u00fbt .<\/p>\n<p><img loading=\"lazy\" decoding=\"async\" class=\"alignleft wp-image-105 size-full\" src=\"https:\/\/www.hotelvillaclaudia.it\/wp-content\/uploads\/2015\/04\/tazzina_commestibile.jpg\" alt=\"tazzina_commestibile\" width=\"180\" height=\"180\" srcset=\"https:\/\/www.hotelvillaclaudia.it\/wp-content\/uploads\/2015\/04\/tazzina_commestibile.jpg 180w, https:\/\/www.hotelvillaclaudia.it\/wp-content\/uploads\/2015\/04\/tazzina_commestibile-150x150.jpg 150w, https:\/\/www.hotelvillaclaudia.it\/wp-content\/uploads\/2015\/04\/tazzina_commestibile-120x120.jpg 120w\" sizes=\"auto, (max-width: 180px) 100vw, 180px\" \/>Et qui a dit que vous ne pouvez pas pr\u00e9parer des desserts sans lait et \u0153ufs? Avec des ingr\u00e9dients comme la fruits frais, graines de chocolat, tofu, sirop de riz, sucre brun, pommes de terre et lait de soja, vous pouvez cr\u00e9er des <strong>desserts v\u00e9g\u00e9taliens<\/strong> qui n&rsquo;a rien \u00e0 envier \u00e0 leur version classique; en plus de nombreuses recettes dignes de la Nouvelle Cuisine sont aussi disponibles.<\/p>\n<p>Enfin, m\u00eame en vacances, vous pouvez manger bien et en sant\u00e9, pesant aussi peu que possible sur le monde animal et, surtout, sans puiser \u00e0 l&rsquo;industrie intensive.<\/p>\n<p><strong>Un choix responsable pour un s\u00e9jour soutenable.<\/strong><\/p>\n","protected":false},"excerpt":{"rendered":"<p>\u00ab\u00a0\u00catre un v\u00e9g\u00e9tarien permettre de vivre mieux et d&rsquo;\u00e9conomiser de la souffrance. Les \u00e9levages intensifs sont aujoud&rsquo;hui la principale source de pollution. R\u00e9duire la consommation de produits d&rsquo;origine animale ferait bon \u00e0 l&rsquo;environnement et aux animaux, dont beaucoup sont maintenant r\u00e9duit \u00e0 vraie machines de viande\u00a0\u00bb&#8211; Margherita Hack Notre slogan est \u201cune vacance sereine et [&hellip;]<\/p>\n","protected":false},"author":8,"featured_media":0,"parent":0,"menu_order":0,"comment_status":"open","ping_status":"open","template":"","meta":{"_acf_changed":false,"footnotes":""},"class_list":["post-217","page","type-page","status-publish","hentry"],"acf":[],"_links":{"self":[{"href":"https:\/\/www.hotelvillaclaudia.it\/fr\/wp-json\/wp\/v2\/pages\/217","targetHints":{"allow":["GET"]}}],"collection":[{"href":"https:\/\/www.hotelvillaclaudia.it\/fr\/wp-json\/wp\/v2\/pages"}],"about":[{"href":"https:\/\/www.hotelvillaclaudia.it\/fr\/wp-json\/wp\/v2\/types\/page"}],"author":[{"embeddable":true,"href":"https:\/\/www.hotelvillaclaudia.it\/fr\/wp-json\/wp\/v2\/users\/8"}],"replies":[{"embeddable":true,"href":"https:\/\/www.hotelvillaclaudia.it\/fr\/wp-json\/wp\/v2\/comments?post=217"}],"version-history":[{"count":5,"href":"https:\/\/www.hotelvillaclaudia.it\/fr\/wp-json\/wp\/v2\/pages\/217\/revisions"}],"predecessor-version":[{"id":490,"href":"https:\/\/www.hotelvillaclaudia.it\/fr\/wp-json\/wp\/v2\/pages\/217\/revisions\/490"}],"wp:attachment":[{"href":"https:\/\/www.hotelvillaclaudia.it\/fr\/wp-json\/wp\/v2\/media?parent=217"}],"curies":[{"name":"wp","href":"https:\/\/api.w.org\/{rel}","templated":true}]}}