{"id":213,"date":"2015-04-03T15:02:44","date_gmt":"2015-04-03T13:02:44","guid":{"rendered":"http:\/\/villaclaudia.dev\/cucina-2\/"},"modified":"2015-12-14T10:54:54","modified_gmt":"2015-12-14T09:54:54","slug":"cuisine","status":"publish","type":"page","link":"https:\/\/www.hotelvillaclaudia.it\/fr\/cuisine\/","title":{"rendered":"H\u00f4tel avec une cuisine maison typique de la Romagna, H\u00f4tel Villa Claudia de Bellaria"},"content":{"rendered":"<p><img loading=\"lazy\" decoding=\"async\" class=\"alignright wp-image-73 size-medium\" src=\"https:\/\/www.hotelvillaclaudia.it\/wp-content\/uploads\/2015\/04\/cucina-cut-300x213.jpg\" alt=\"cucina-cut\" width=\"300\" height=\"213\" srcset=\"https:\/\/www.hotelvillaclaudia.it\/wp-content\/uploads\/2015\/04\/cucina-cut-300x213.jpg 300w, https:\/\/www.hotelvillaclaudia.it\/wp-content\/uploads\/2015\/04\/cucina-cut.jpg 507w\" sizes=\"auto, (max-width: 300px) 100vw, 300px\" \/><\/p>\n<p class=\"p1\"><span class=\"s1\">La cuisine de l&rsquo;h\u00f4tel Villa Claudia respecte vraiment l&rsquo;<strong>environnement<\/strong>, tout en ne pas sacrifiant le go\u00fbt: l&rsquo;utilisation d&rsquo;aliments en provenance de l&rsquo;agriculture biologique, le <strong>rejet des OGM<\/strong>, les produits \u00e0 z\u00e9ro km, permettent de cr\u00e9er de grands plats, id\u00e9al pour tous les clients.<\/span><\/p>\n<p class=\"p1\"><span class=\"s1\"><strong>Riche petit-d\u00e9jeuner<\/strong> \u00e0 base de produits naturels, authentiques et largement faites maison, vous permettront de vous r\u00e9veillez avec une nouvelle harmonie, en souriant \u00e0 la vie, en attente d&rsquo;une journ\u00e9e de relax \u00e0 la plage ou \u00e0 d\u00e9couvrir les plus beaux endroits de la Romagne, o\u00f9 red\u00e9couvrir les traditions anciennes, d\u00e9sormais oubli\u00e9s.<\/span><\/p>\n<p class=\"p1\"><span class=\"s1\">Et quand vous revenez de la plage ou d&rsquo;une excursion, vous pouvez d\u00e9guster nos meilleurs plats: la <strong>\u201cpasta\u201d exclusivement biologique<\/strong>, \u00e0 choisir entre int\u00e9gral ou avec de la farine de kamut ou d&rsquo;\u00e9peautre, pour vous assurer toujours le go\u00fbt le plus bon.<\/span><\/p>\n<p class=\"p1\"><span class=\"s1\">Ne manquez pas, en outre, le riche <strong>buffet de l\u00e9gumes r\u00e9coltent par tante Gabriella<\/strong>: dans notre h\u00f4tel nous choisissons uniquement des produits frais et naturel, en partie biologique, provenant d&rsquo;un petit potager personnellement pris en charge par la tante, qui cultive des l\u00e9gumes avec amour, sans l&rsquo;aide de substances nocives.<\/span><\/p>\n<p class=\"p1\"><span class=\"s1\">Dans le menu, ils sont \u00e9galement toujours pr\u00e9sentes des plats froids pour battre la chaleur de l&rsquo;\u00e9t\u00e9 et les amateurs du poisson trouveront leur nourriture pr\u00e9f\u00e9r\u00e9e chaque jour dans le menu. Pour les plus jeunes, l&rsquo;h\u00f4tel Villa Claudia offre la possibilit\u00e9 de pr\u00e9parer des aliments et des plats sp\u00e9ciaux, comme l&rsquo;aliment de sevrage: notre cuisinier <strong>Ramona<\/strong>, pr\u00e9pare chaque jour un bouillon de l\u00e9gumes frais, excellentes comme base pour la nourriture l\u00e9g\u00e8re et riche de go\u00fbt.<\/span><\/p>\n","protected":false},"excerpt":{"rendered":"<p>La cuisine de l&rsquo;h\u00f4tel Villa Claudia respecte vraiment l&rsquo;environnement, tout en ne pas sacrifiant le go\u00fbt: l&rsquo;utilisation d&rsquo;aliments en provenance de l&rsquo;agriculture biologique, le rejet des OGM, les produits \u00e0 z\u00e9ro km, permettent de cr\u00e9er de grands plats, id\u00e9al pour tous les clients. Riche petit-d\u00e9jeuner \u00e0 base de produits naturels, authentiques et largement faites maison, [&hellip;]<\/p>\n","protected":false},"author":8,"featured_media":0,"parent":0,"menu_order":0,"comment_status":"open","ping_status":"open","template":"","meta":{"_acf_changed":false,"footnotes":""},"class_list":["post-213","page","type-page","status-publish","hentry"],"acf":[],"_links":{"self":[{"href":"https:\/\/www.hotelvillaclaudia.it\/fr\/wp-json\/wp\/v2\/pages\/213","targetHints":{"allow":["GET"]}}],"collection":[{"href":"https:\/\/www.hotelvillaclaudia.it\/fr\/wp-json\/wp\/v2\/pages"}],"about":[{"href":"https:\/\/www.hotelvillaclaudia.it\/fr\/wp-json\/wp\/v2\/types\/page"}],"author":[{"embeddable":true,"href":"https:\/\/www.hotelvillaclaudia.it\/fr\/wp-json\/wp\/v2\/users\/8"}],"replies":[{"embeddable":true,"href":"https:\/\/www.hotelvillaclaudia.it\/fr\/wp-json\/wp\/v2\/comments?post=213"}],"version-history":[{"count":5,"href":"https:\/\/www.hotelvillaclaudia.it\/fr\/wp-json\/wp\/v2\/pages\/213\/revisions"}],"predecessor-version":[{"id":487,"href":"https:\/\/www.hotelvillaclaudia.it\/fr\/wp-json\/wp\/v2\/pages\/213\/revisions\/487"}],"wp:attachment":[{"href":"https:\/\/www.hotelvillaclaudia.it\/fr\/wp-json\/wp\/v2\/media?parent=213"}],"curies":[{"name":"wp","href":"https:\/\/api.w.org\/{rel}","templated":true}]}}