{"id":209,"date":"2015-04-02T17:23:35","date_gmt":"2015-04-02T15:23:35","guid":{"rendered":"http:\/\/villaclaudia.dev\/servizi-2\/"},"modified":"2017-03-20T10:57:15","modified_gmt":"2017-03-20T09:57:15","slug":"services","status":"publish","type":"page","link":"https:\/\/www.hotelvillaclaudia.it\/fr\/services\/","title":{"rendered":"Services id\u00e9als pour les familles avec enfants en vacances \u00e0 Bellaria, H\u00f4tel de vacances \u00e0 la plage"},"content":{"rendered":"<p><img loading=\"lazy\" decoding=\"async\" class=\"alignright wp-image-69 size-medium\" src=\"https:\/\/www.hotelvillaclaudia.it\/wp-content\/uploads\/2015\/04\/camera-300x200.jpg\" alt=\"camera\" width=\"300\" height=\"200\" srcset=\"https:\/\/www.hotelvillaclaudia.it\/wp-content\/uploads\/2015\/04\/camera-300x200.jpg 300w, https:\/\/www.hotelvillaclaudia.it\/wp-content\/uploads\/2015\/04\/camera.jpg 900w\" sizes=\"auto, (max-width: 300px) 100vw, 300px\" \/><\/p>\n<p class=\"p1\">Selon la philosophie de l&rsquo;H\u00f4tel Villa Claudia, <strong>vivre les vacances signifie de jouir pleinement de un moment en toute s\u00e9r\u00e9nit\u00e9 et pourquoi ne pas profiter de l&rsquo;occasion pour sensibiliser \u00e0 ce que nous mangeons et essayer de se sentir mieux gr\u00e2ce \u00e0 la nutrition<\/strong>. Loin de la rue et de soucis, vous pouvez plonger dans une mer de moments inoubliables que seulement la c\u00f4te de la Romagne peut donner et profiter des \u00e9v\u00e9nements et des cours organis\u00e9s directement dans l&rsquo;h\u00f4tel.<\/p>\n<p class=\"p1\"><span class=\"s1\">L&rsquo;h\u00f4tel Villa Claudia, qui adh\u00e8re \u00e0 Legambiente tourisme et Green Tourism, propose une philosophie de vacances diff\u00e9rente: <strong>le sentiment d&rsquo;\u00eatre \u00e0 la maison<\/strong>, la <strong>spontan\u00e9it\u00e9<\/strong> de notre service, notre <strong>sourires<\/strong> \u00e0 partager avec le personnel et vous pour se sentir en harmonie et pleine de vie.<\/span><\/p>\n<p class=\"p1\"><span class=\"s1\">Venez \u00e0 d\u00e9couvrir nos services: les chambres sont toutes \u00e9quip\u00e9es de coffre-fort \u00e9lectronique, <span id=\"result_box\" class=\"short_text\" lang=\"fr\"><span class=\"hps\">t\u00e9l\u00e9phone<\/span><\/span>, acc\u00e8s wi-fi gratuit, salle de bain priv\u00e9e, un grand balcon avec des chaises. En outre, pour ceux qui aiment des soins exclusifs, sont disponibles des chambres SUPERCOMFORT, r\u00e9cemment r\u00e9nov\u00e9es, spacieuses et \u00e9quip\u00e9es avec douche, s\u00e8che-cheveux, t\u00e9l\u00e9vision, climatisation et une vue enchaneresse sur la mer, pour admirer la lueur lointaines des vague.<\/span><\/p>\n<p class=\"p1\"><span class=\"s1\">L&rsquo;h\u00f4tel dispose d&rsquo;un ascenseur et climatisation dans tous les \u00e9spaces, pour \u00e9chapper \u00e0 la chaleur de l&rsquo;\u00e9t\u00e9 et profiter des moments inoubliables dans l&rsquo;ambiance frais de nos chambres.<\/span><\/p>\n<p><img loading=\"lazy\" decoding=\"async\" class=\"alignleft wp-image-71 size-medium\" src=\"https:\/\/www.hotelvillaclaudia.it\/wp-content\/uploads\/2015\/04\/camera3-300x200.jpg\" alt=\"camera3\" width=\"300\" height=\"200\" srcset=\"https:\/\/www.hotelvillaclaudia.it\/wp-content\/uploads\/2015\/04\/camera3-300x200.jpg 300w, https:\/\/www.hotelvillaclaudia.it\/wp-content\/uploads\/2015\/04\/camera3.jpg 900w\" sizes=\"auto, (max-width: 300px) 100vw, 300px\" \/><\/p>\n<p class=\"p1\"><span class=\"s1\">L&rsquo;h\u00f4tel dispose d&rsquo;un <strong>grand parking<\/strong> pour laisser les voiture prot\u00e9g\u00e9 par l&rsquo;ombre des arbres: oubliez la voiture et le chaos de la circulation pendant vos vacances, vous vous promenez tranquillement \u00e0 la mer ou vers le <strong>frais boulevard de Platani de Bellaria Igea Marina<\/strong>, riche de petites boutiques et des clubs o\u00f9 vous pouvez satisfer votre curiosit\u00e9s, boire un drink ou d\u00e9guster une bonne glace.<\/span><\/p>\n<p class=\"p1\"><span id=\"result_box\" class=\"\" lang=\"fr\">L&rsquo;h\u00f4tel <span class=\"alt-edited\">dispose aussi d&rsquo;un<\/span> <span class=\"alt-edited\">attention particuli\u00e8re<\/span> <span class=\"\">pour les <strong>enfants<\/strong><\/span>: <span class=\"\">les m\u00e8res (<\/span><span class=\"\">qui le souhaitent<\/span>) <span class=\"\">ont libre acc\u00e8s \u00e0<\/span> <span class=\"\">une petite<\/span> <strong><span class=\"\">cuisine \u00e9quip\u00e9e<\/span><\/strong> <span class=\"\">avec r\u00e9frig\u00e9rateur, cuisini\u00e8re<\/span>, <span class=\"\">chauffe-biberon<\/span><span class=\"\">,<\/span> <span class=\"\">st\u00e9rilisateur<\/span><span class=\"\">,<\/span> <span class=\"\">soucoupes, tasses<\/span> <span class=\"\">et<\/span> <span class=\"\">couverts<\/span> <span class=\"\">ligne<\/span> <span class=\"\">de<\/span> <span class=\"\">b\u00e9b\u00e9.<\/span> <span class=\"\">Nous fournissons<\/span> <span class=\"\">la <strong>soupe aux l\u00e9gumes<\/strong><\/span> <span class=\"\">libre et<\/span> <strong><span class=\"\">cr\u00e8me de<\/span> <\/strong><span class=\"\"><strong>l\u00e9gumes<\/strong>.<\/span> <span class=\"\">Les clients trouveront<\/span> <span class=\"\">un bain de<\/span> <span class=\"\">b\u00e9b\u00e9.<\/span><\/span><\/p>\n<p class=\"p1\"><span class=\"s1\">La <strong>libert\u00e9 d&rsquo;\u00eatre eux-m\u00eames<\/strong>, de se retrouver immerg\u00e9 dans une atmosph\u00e8re de simplicit\u00e9, tandis que les jours passent calme.<\/span><\/p>\n<p class=\"p1\"><span class=\"s1\">Oubliez le temps, laissez-vous emporter par un sentiment de s\u00e9r\u00e9nit\u00e9 et d&rsquo;harmonie, de bien-\u00eatre et de relax.<\/span><\/p>\n","protected":false},"excerpt":{"rendered":"<p>Selon la philosophie de l&rsquo;H\u00f4tel Villa Claudia, vivre les vacances signifie de jouir pleinement de un moment en toute s\u00e9r\u00e9nit\u00e9 et pourquoi ne pas profiter de l&rsquo;occasion pour sensibiliser \u00e0 ce que nous mangeons et essayer de se sentir mieux gr\u00e2ce \u00e0 la nutrition. Loin de la rue et de soucis, vous pouvez plonger dans [&hellip;]<\/p>\n","protected":false},"author":8,"featured_media":0,"parent":0,"menu_order":0,"comment_status":"open","ping_status":"closed","template":"","meta":{"_acf_changed":false,"footnotes":""},"class_list":["post-209","page","type-page","status-publish","hentry"],"acf":[],"_links":{"self":[{"href":"https:\/\/www.hotelvillaclaudia.it\/fr\/wp-json\/wp\/v2\/pages\/209","targetHints":{"allow":["GET"]}}],"collection":[{"href":"https:\/\/www.hotelvillaclaudia.it\/fr\/wp-json\/wp\/v2\/pages"}],"about":[{"href":"https:\/\/www.hotelvillaclaudia.it\/fr\/wp-json\/wp\/v2\/types\/page"}],"author":[{"embeddable":true,"href":"https:\/\/www.hotelvillaclaudia.it\/fr\/wp-json\/wp\/v2\/users\/8"}],"replies":[{"embeddable":true,"href":"https:\/\/www.hotelvillaclaudia.it\/fr\/wp-json\/wp\/v2\/comments?post=209"}],"version-history":[{"count":5,"href":"https:\/\/www.hotelvillaclaudia.it\/fr\/wp-json\/wp\/v2\/pages\/209\/revisions"}],"predecessor-version":[{"id":953,"href":"https:\/\/www.hotelvillaclaudia.it\/fr\/wp-json\/wp\/v2\/pages\/209\/revisions\/953"}],"wp:attachment":[{"href":"https:\/\/www.hotelvillaclaudia.it\/fr\/wp-json\/wp\/v2\/media?parent=209"}],"curies":[{"name":"wp","href":"https:\/\/api.w.org\/{rel}","templated":true}]}}