{"id":204,"date":"2015-04-03T11:27:14","date_gmt":"2015-04-03T09:27:14","guid":{"rendered":"http:\/\/villaclaudia.dev\/la-vacanza-sana-e-serena-2\/"},"modified":"2017-03-20T11:02:55","modified_gmt":"2017-03-20T10:02:55","slug":"une-vacance-saine-et-sereine","status":"publish","type":"page","link":"https:\/\/www.hotelvillaclaudia.it\/fr\/une-vacance-saine-et-sereine\/","title":{"rendered":"Une vacance saine et sereine, la philosophie de l&rsquo;h\u00f4tel Villa Claudia de Bellaria"},"content":{"rendered":"<p class=\"p1\"><span class=\"s1\">G\u00e9r\u00e9 de plus de quarante ans par la famille Gradara, l&rsquo;h\u00f4tel Villa Claudia 2 \u00e9toiles de Bellaria a r\u00e9cemment adopt\u00e9 une nouvelle philosophie qui pla\u00eet aux clients et \u00e0 l&rsquo;environnement.<\/span><\/p>\n<p class=\"p1\"><span class=\"s1\">\u201c<strong>Pour une vacance sereine et consciente<\/strong>\u201d c&rsquo;est le slogan qui l&rsquo;accompagne, au cours des derni\u00e8res ann\u00e9es, toutes les d\u00e9cisions de la direction et du personnel qui ont toujours eu comme priorit\u00e9 la gentillesse et la disponibilt\u00e9 pour les besoins des clients, en particulier les familles avec des enfants.<\/span><\/p>\n<h2 class=\"page-subtitle title-green\">Une vacance consciente<\/h2>\n<p class=\"p1\"><span class=\"s1\">Les propri\u00e9taires visent principalement \u00e0 am\u00e9liorer le menu pour ce qui concerne la qualit\u00e9: le petit d\u00e9jeuner, presque <strong>exclusivement organique et non-OGM<\/strong>, avec du pain, des p\u00e2tisseries et des biscuits faits maison avec de la farine biologique, ou \u00e9peautre, est con\u00e7ue et pr\u00e9par\u00e9e avec des produits naturels, \u00e9liminant les monodoses alimentaire polluantes. <\/span><\/p>\n<p class=\"p1\"><span class=\"s1\">Le menu est con\u00e7u pour une alimentation saine et d\u00e9licieuse, avec la possibilit\u00e9, tous les jours, de choisir et d\u00e9guster des plats d&rsquo;\u00e9t\u00e9, v\u00e9g\u00e9tariens, de la Romagna et \u00e9trang\u00e8rs comme la paella et le cous-cous, tous les deux avec un grand succ\u00e8s. <strong>Notre \u201cpasta\u201d est exclusivement de nature biologique<\/strong> avec la possibilit\u00e9, en quelques jours, de choisir entre \u00e9peautre et kamut, m\u00eame int\u00e9gral. <strong>Plats v\u00e9g\u00e9taliens chaque jour.<\/strong> <strong>\u00c0vchaque repas, buffet de l\u00e9gumes frais, la plupart juste r\u00e9colt\u00e9s de la ferme de la tante Gabriella<\/strong>. Chaque jour, Pietro ach\u00e8te les produits de la plus haute qualit\u00e9, juste r\u00e9colt\u00e9s, d\u00e9licieux et tr\u00e8s sain, sans aucun traitement. La viande est le r\u00e9sultat d&rsquo;une s\u00e9lection rigoureuse et elle est de qualit\u00e9 sup\u00e9rieure; il y a bien s\u00fbr aussi la possibilit\u00e9 de manger du poisson tous les jours. Les plats de garniture sont autant que possible de la saison. L&rsquo;h\u00f4tel fait partie du circuit de Legambiente et Greentourism et suit fid\u00e8lement le D\u00e9calogue.<\/span><\/p>\n<p class=\"p1\"><span class=\"s1\">Les <strong>plats de garniture<\/strong> sont autant que possible de saison et frais. Il y a tous les jours la possibilit\u00e9 de choisir des <strong>plats froids<\/strong> appropri\u00e9s pour la chaleur de l&rsquo;\u00e9t\u00e9.<\/span><\/p>\n<p class=\"p1\"><span class=\"s1\">En ce qui concerne les <strong>enfants,<\/strong> le personnel de la cuisine est <strong>enti\u00e8rement disponible<\/strong> pour la pr\u00e9paration d&rsquo;aliments pour b\u00e9b\u00e9s n\u00e9cessaires au sevrage. <strong>Chaque jour<\/strong>, le cuisinier, Ramona,<span class=\"Apple-converted-space\">\u00a0 <\/span><strong>pr\u00e9pare un bouillon avec des l\u00e9gumes frais<\/strong> destin\u00e9s aux enfants, et si les m\u00e8res le souhaitent, elles peuvent se pr\u00e9parer la nourriture de leurs b\u00e9b\u00e9 par eux-m\u00eames ou d\u00e9mander-l\u00e0 \u00e0 Ramona.<\/span><\/p>\n<p class=\"p1\"><span class=\"s1\">L&rsquo;h\u00f4tel adh\u00e8re \u00e0 <strong>Legambiente Tourisme<\/strong> et <strong>Green Tourism<\/strong> et suit de pr\u00e8s les d\u00e9calogues impliquant de nombreuses initiatives en mati\u00e8re de protection de l&rsquo;environnement et de l&rsquo;approvisionnement du client.<\/span><\/p>\n<h2 class=\"page-subtitle title-blue\">Une vacance sereine<\/h2>\n<p class=\"p1\"><span class=\"s1\">Pendant les ann\u00e9es, le titulaire suit une philosophie de vie attentive \u00e0 la sant\u00e9 et \u00e0 l&rsquo;environnement, loin d&rsquo;une culture de masse, et en essayant de transmettre cette exp\u00e9rience dans la gestion de l&rsquo;h\u00f4tel. Le <strong>climat est tr\u00e8s familier<\/strong>, le client se sent un peu comme \u00e0 la maison, les enfants sont libres de<span class=\"Apple-converted-space\">\u00a0 <\/span>jouer sans une surveillance serr\u00e9e.<\/span><\/p>\n<p class=\"p1\"><span class=\"s1\">L&rsquo;h\u00f4tel est con\u00e7u pour atteindre ces objectifs: <strong>est situ\u00e9 sur la mer dans une position tr\u00e8s calme<\/strong>, dans une rue qui m\u00e8ne directement \u00e0 la plage. Ici on circulent que les voitures adress\u00e9e \u00e0 l&rsquo;h\u00f4tel et les enfants peuvent jouer en toute s\u00e9curit\u00e9 sans danger.<\/span><\/p>\n<p class=\"p1\"><span class=\"s1\">L&rsquo;h\u00f4tel est entour\u00e9 d&rsquo;un grand jardin, o\u00f9 on peut se rafra\u00eechir apr\u00e8s une journ\u00e9e \u00e0 la plage, \u00e0 l&rsquo;ombre de l&rsquo;arcade. \u00c0 l&rsquo;int\u00e9rieur, il dispose d&rsquo;un parking qui peut accueillir les voitures de tous les clients, <strong>sous l&rsquo;ombre des arbres<\/strong>.<\/span><\/p>\n<p class=\"p1\"><span class=\"s1\">Le personnel suit la philosophie du propri\u00e9taire: les serveurs s&rsquo;amusent \u00e0 la table et jouent avec les enfants. Le client est dorlot\u00e9 et notre but principal est celui de le faire renter \u00e0 la maison en relax total, avec un merveilleux souvenir de la vacance et avec le d\u00e9sir de revenir.<\/span><\/p>\n","protected":false},"excerpt":{"rendered":"<p>G\u00e9r\u00e9 de plus de quarante ans par la famille Gradara, l&rsquo;h\u00f4tel Villa Claudia 2 \u00e9toiles de Bellaria a r\u00e9cemment adopt\u00e9 une nouvelle philosophie qui pla\u00eet aux clients et \u00e0 l&rsquo;environnement. \u201cPour une vacance sereine et consciente\u201d c&rsquo;est le slogan qui l&rsquo;accompagne, au cours des derni\u00e8res ann\u00e9es, toutes les d\u00e9cisions de la direction et du personnel [&hellip;]<\/p>\n","protected":false},"author":8,"featured_media":0,"parent":0,"menu_order":0,"comment_status":"open","ping_status":"open","template":"","meta":{"_acf_changed":false,"footnotes":""},"class_list":["post-204","page","type-page","status-publish","hentry"],"acf":[],"_links":{"self":[{"href":"https:\/\/www.hotelvillaclaudia.it\/fr\/wp-json\/wp\/v2\/pages\/204","targetHints":{"allow":["GET"]}}],"collection":[{"href":"https:\/\/www.hotelvillaclaudia.it\/fr\/wp-json\/wp\/v2\/pages"}],"about":[{"href":"https:\/\/www.hotelvillaclaudia.it\/fr\/wp-json\/wp\/v2\/types\/page"}],"author":[{"embeddable":true,"href":"https:\/\/www.hotelvillaclaudia.it\/fr\/wp-json\/wp\/v2\/users\/8"}],"replies":[{"embeddable":true,"href":"https:\/\/www.hotelvillaclaudia.it\/fr\/wp-json\/wp\/v2\/comments?post=204"}],"version-history":[{"count":4,"href":"https:\/\/www.hotelvillaclaudia.it\/fr\/wp-json\/wp\/v2\/pages\/204\/revisions"}],"predecessor-version":[{"id":955,"href":"https:\/\/www.hotelvillaclaudia.it\/fr\/wp-json\/wp\/v2\/pages\/204\/revisions\/955"}],"wp:attachment":[{"href":"https:\/\/www.hotelvillaclaudia.it\/fr\/wp-json\/wp\/v2\/media?parent=204"}],"curies":[{"name":"wp","href":"https:\/\/api.w.org\/{rel}","templated":true}]}}