{"id":2642,"date":"2019-05-09T18:21:04","date_gmt":"2019-05-09T16:21:04","guid":{"rendered":"https:\/\/www.hotelvillaclaudia.it\/listino\/"},"modified":"2025-03-27T15:53:37","modified_gmt":"2025-03-27T14:53:37","slug":"preisliste","status":"publish","type":"page","link":"https:\/\/www.hotelvillaclaudia.it\/de\/preisliste\/","title":{"rendered":"Preisliste"},"content":{"rendered":"\n<p><strong>Rabatte sind verf\u00fcgbar im selben Zimmer ab dem 3. Erwachsenen<\/strong><\/p>\n\n\n\n<p style=\"display: block; background: #ff9800; color: #fff; padding: 10px; margin: 20px 0 15px; font-size: 18px; font-weight: 400;\">Wir erinnern Sie daran, dass die Gemeinde Bellaria vom 1. Juni bis 30. September 2025 die Kurtaxe f\u00fcr maximal 6 aufeinanderfolgende Tage einf\u00fchrt (an den darauffolgenden Tagen entf\u00e4llt sie). Sie betr\u00e4gt 1,50 Euro am Tag pro jeden Erwachsenen ab 18 Jahren, unter 18 Jahren entf\u00e4llt sie. Die Kurtaxe ist in diesem Angebot nicht inbegriffen.\n<br><\/p>\n\n\n\n<p> <br> <\/p>\n\n\n\n<h3 class=\"wp-block-heading page-subtitle title-blue\">All Inclusive<\/h3>\n\n\n\n<p><strong>All inclusive f\u00fcr 18 \u20ac pro Tag und Zimmer.<\/strong><br><br>Strand, Sonnenschirm und 2 Liege pro Zimmer, Wasser, Getr\u00e4nke am Tisch und Kaffee inbegriffen (Kein Wein)<br><br><\/p>\n\n\n\n<hr class=\"wp-block-separator has-css-opacity\"\/>\n\n\n\n<h3 class=\"wp-block-heading page-subtitle title-green\">Zu-und Abschl\u00e4ge<\/h3>\n\n\n\n<p><strong>DOPPELZIMMER ALS EINZELNBENUTZ:<\/strong>&nbsp;(Dienst nicht verf\u00fcgbar von 05 bis 31 August)<\/p>\n\n\n\n<p>Zuschlag \u20ac 20,00 am Tag f\u00fcr Standard Zimmer und Superkomfort;<\/p>\n\n\n\n<p>Zuschlag \u20ac 25,00 am Tag f\u00fcr Zimmer Super Komfort mit Meerblick;<\/p>\n\n\n\n<p>(Die Zuschl\u00e4ge werden berechnet auch f\u00fcr ein Erwachsen im Zimmer mit einem oder mehreren nicht zahlende Kinder).<br><\/p>\n\n\n\n<p>M\u00f6glichkeit HP oder \u00dcF (\u00dcbernachtung + Fr\u00fchst\u00fcck)<\/p>\n","protected":false},"excerpt":{"rendered":"<p>Rabatte sind verf\u00fcgbar im selben Zimmer ab dem 3. Erwachsenen Wir erinnern Sie daran, dass die Gemeinde Bellaria vom 1. Juni bis 30. September 2025 die Kurtaxe f\u00fcr maximal 6 aufeinanderfolgende Tage einf\u00fchrt (an den darauffolgenden Tagen entf\u00e4llt sie). Sie betr\u00e4gt 1,50 Euro am Tag pro jeden Erwachsenen ab 18 Jahren, unter 18 Jahren entf\u00e4llt [&hellip;]<\/p>\n","protected":false},"author":8,"featured_media":4193,"parent":0,"menu_order":0,"comment_status":"closed","ping_status":"closed","template":"page-prezzi-camere.php","meta":{"_acf_changed":false,"footnotes":""},"class_list":["post-2642","page","type-page","status-publish","has-post-thumbnail","hentry"],"acf":[],"_links":{"self":[{"href":"https:\/\/www.hotelvillaclaudia.it\/de\/wp-json\/wp\/v2\/pages\/2642","targetHints":{"allow":["GET"]}}],"collection":[{"href":"https:\/\/www.hotelvillaclaudia.it\/de\/wp-json\/wp\/v2\/pages"}],"about":[{"href":"https:\/\/www.hotelvillaclaudia.it\/de\/wp-json\/wp\/v2\/types\/page"}],"author":[{"embeddable":true,"href":"https:\/\/www.hotelvillaclaudia.it\/de\/wp-json\/wp\/v2\/users\/8"}],"replies":[{"embeddable":true,"href":"https:\/\/www.hotelvillaclaudia.it\/de\/wp-json\/wp\/v2\/comments?post=2642"}],"version-history":[{"count":7,"href":"https:\/\/www.hotelvillaclaudia.it\/de\/wp-json\/wp\/v2\/pages\/2642\/revisions"}],"predecessor-version":[{"id":5152,"href":"https:\/\/www.hotelvillaclaudia.it\/de\/wp-json\/wp\/v2\/pages\/2642\/revisions\/5152"}],"wp:featuredmedia":[{"embeddable":true,"href":"https:\/\/www.hotelvillaclaudia.it\/de\/wp-json\/wp\/v2\/media\/4193"}],"wp:attachment":[{"href":"https:\/\/www.hotelvillaclaudia.it\/de\/wp-json\/wp\/v2\/media?parent=2642"}],"curies":[{"name":"wp","href":"https:\/\/api.w.org\/{rel}","templated":true}]}}