{"id":167,"date":"2015-04-02T17:23:35","date_gmt":"2015-04-02T15:23:35","guid":{"rendered":"http:\/\/villaclaudia.dev\/servizi-2\/"},"modified":"2017-04-18T17:37:44","modified_gmt":"2017-04-18T15:37:44","slug":"dienste","status":"publish","type":"page","link":"https:\/\/www.hotelvillaclaudia.it\/de\/dienste\/","title":{"rendered":"Geeignete Dienste fu\u0308r Familien mit Kindern im Urlaub in Bellaria"},"content":{"rendered":"<p><img loading=\"lazy\" decoding=\"async\" class=\"alignright wp-image-69 size-medium\" src=\"https:\/\/www.hotelvillaclaudia.it\/wp-content\/uploads\/2015\/04\/camera-300x200.jpg\" alt=\"camera\" width=\"300\" height=\"200\" srcset=\"https:\/\/www.hotelvillaclaudia.it\/wp-content\/uploads\/2015\/04\/camera-300x200.jpg 300w, https:\/\/www.hotelvillaclaudia.it\/wp-content\/uploads\/2015\/04\/camera.jpg 900w\" sizes=\"auto, (max-width: 300px) 100vw, 300px\" \/>Im Sinne der Philosophie des Hotels Villa Claudia bedeutet Urlaub komplette <strong>Entspannung, aber auch bewussteres Essen und Nachdenken \u00fcber das, was uns gut tut.<\/strong> Weit entfernt vom L\u00e4rm und der Hektik der Stadt k\u00f6nnen Sie hier Momente erleben, die Ihnen nur die Riviera Romagnola schenken kann und Events und Kurse mitnehmen, die direkt im Hotel abgehalten werden.<\/p>\n<p>Das Hotel Villa Claudia nimmt an dem Projekt Legambiente Turismo und Green Tourism teil und bietet eine alternative Philosophie des Urlaubs an: <strong>das Gefu\u0308hl, sich zu Hause zu fu\u0308hlen<\/strong>, die\u00a0<strong>Spontaneita\u0308t<\/strong> unseres Services und die mit unseren Mitarbeitern geteilte Heiterkeit, um sich harmonisch und lebendig zu fu\u0308hlen.<\/p>\n<p>Entdecken Sie unsere Dienstleistungen: Die Zimmer sind alle mit einem elektronischen Safe, Tel., kostenlosem Wi-Fi, privatem Badezimmer und gro\u00dfem Balkon mit Stu\u0308hlen ausgestattet. Fu\u0308r diejenigen, die exklusive Behandlungen lieben stehen die Supercomfort-Zimmer zur Verfu\u0308gung, die erst ku\u0308rzlich renoviert wurden und sehr gera\u0308umig sind. Sie sind mit Duschkabine, Phon, Fernseher und Klimaanlage ausgestattet und haben einen zauberhaften Blick auf das Meer, um das weite Glitzern der Wellen bewundern zu ko\u0308nnen.<\/p>\n<p>Jeder Bereich des Hotels verfu\u0308gt u\u0308ber Aufzu\u0308ge und Klimaanlagen, um der Sommerhitze zu entfliehen und unvergessliche Momente in unseren ku\u0308hlen Zimmern zu verbringen.<\/p>\n<p><img loading=\"lazy\" decoding=\"async\" class=\"alignleft wp-image-71 size-medium\" src=\"https:\/\/www.hotelvillaclaudia.it\/wp-content\/uploads\/2015\/04\/camera3-300x200.jpg\" alt=\"camera3\" width=\"300\" height=\"200\" srcset=\"https:\/\/www.hotelvillaclaudia.it\/wp-content\/uploads\/2015\/04\/camera3-300x200.jpg 300w, https:\/\/www.hotelvillaclaudia.it\/wp-content\/uploads\/2015\/04\/camera3.jpg 900w\" sizes=\"auto, (max-width: 300px) 100vw, 300px\" \/>Das 2 Sterne Hotel hat einen <strong>gro\u00dfen Parkplatz<\/strong>, hier ko\u0308nnen Sie Ihr Auto, das vom Schatten der Ba\u0308ume geschu\u0308tzt wird, abstellen: Vergessen Sie das Auto und den Verkehrschaos wa\u0308hrend Ihres Urlaubs, spazieren Sie bis zum Meer oder durchlaufen Sie <strong>die ku\u0308hle<\/strong> Viale dei Platani in Bellaria Igea Marina, die reich an kleinen La\u0308den und Lokalen ist, wo Sie Ihre Neugier befriedigen, einen Drink schlu\u0308rfen oder ein gutes Eis genie\u00dfen ko\u0308nnen.<\/p>\n<p><span id=\"result_box\" class=\"\" lang=\"de\">Das Hotel <span class=\"\">hat auch eine besondere<\/span> <span class=\"alt-edited\">Aufmerksamkeit f\u00fcr <strong>Kinder<\/strong><\/span>: M\u00fctter (<span class=\"\">die es wollen<\/span>) <span class=\"alt-edited\">haben<\/span> <span class=\"\">freien Zugang zu eine<\/span> <span class=\"\">kleinen<\/span> <span class=\"alt-edited\"><strong>K\u00fcche ausgestattet<\/strong> mit K\u00fchlschrank,<\/span> <span class=\"\">Herd<\/span><span class=\"\">, Babyflaschenw\u00e4rmer<\/span> <span class=\"\">, Sterilisator<\/span><span class=\"\">,<\/span> <span class=\"alt-edited\">Teller<\/span><span class=\"\">,<\/span> <span class=\"alt-edited\">Tassen und <\/span> <span class=\"alt-edited\">Babylinie Besteck<\/span><span class=\"\">.<\/span> <span class=\"\">Wir bieten kostenlose<\/span> <strong><span class=\"\">Gem\u00fcsesuppe <\/span><\/strong> <span class=\"\">und<\/span> <strong><span class=\"\">Creme<\/span> <\/strong><span class=\"\"><strong>von Gem\u00fcse<\/strong>.<\/span> <span class=\"alt-edited\">Die G\u00e4ste finden auch eine<\/span> <span class=\"\">Babywanne <\/span> <span class=\"alt-edited\">.<\/span><\/span><\/p>\n<p><strong>Genie\u00dfen Sie die Freiheit<\/strong>, sich selbst zu sein und tauchen Sie in eine schlichte Atmospha\u0308re, wa\u0308hrend die Tage ruhig vergehen.<\/p>\n<p>Vergessen Sie die Zeit um sich herum und lassen Sie sich von einem Gefu\u0308hl der Ruhe, der Harmonie, des Wohlbefindens und der Entspannung mitrei\u00dfen.<\/p>\n","protected":false},"excerpt":{"rendered":"<p>Im Sinne der Philosophie des Hotels Villa Claudia bedeutet Urlaub komplette Entspannung, aber auch bewussteres Essen und Nachdenken \u00fcber das, was uns gut tut. Weit entfernt vom L\u00e4rm und der Hektik der Stadt k\u00f6nnen Sie hier Momente erleben, die Ihnen nur die Riviera Romagnola schenken kann und Events und Kurse mitnehmen, die direkt im Hotel [&hellip;]<\/p>\n","protected":false},"author":8,"featured_media":0,"parent":0,"menu_order":0,"comment_status":"open","ping_status":"closed","template":"","meta":{"_acf_changed":false,"footnotes":""},"class_list":["post-167","page","type-page","status-publish","hentry"],"acf":[],"_links":{"self":[{"href":"https:\/\/www.hotelvillaclaudia.it\/de\/wp-json\/wp\/v2\/pages\/167","targetHints":{"allow":["GET"]}}],"collection":[{"href":"https:\/\/www.hotelvillaclaudia.it\/de\/wp-json\/wp\/v2\/pages"}],"about":[{"href":"https:\/\/www.hotelvillaclaudia.it\/de\/wp-json\/wp\/v2\/types\/page"}],"author":[{"embeddable":true,"href":"https:\/\/www.hotelvillaclaudia.it\/de\/wp-json\/wp\/v2\/users\/8"}],"replies":[{"embeddable":true,"href":"https:\/\/www.hotelvillaclaudia.it\/de\/wp-json\/wp\/v2\/comments?post=167"}],"version-history":[{"count":5,"href":"https:\/\/www.hotelvillaclaudia.it\/de\/wp-json\/wp\/v2\/pages\/167\/revisions"}],"predecessor-version":[{"id":984,"href":"https:\/\/www.hotelvillaclaudia.it\/de\/wp-json\/wp\/v2\/pages\/167\/revisions\/984"}],"wp:attachment":[{"href":"https:\/\/www.hotelvillaclaudia.it\/de\/wp-json\/wp\/v2\/media?parent=167"}],"curies":[{"name":"wp","href":"https:\/\/api.w.org\/{rel}","templated":true}]}}