{"id":157,"date":"2015-04-02T17:23:35","date_gmt":"2015-04-02T15:23:35","guid":{"rendered":"http:\/\/villaclaudia.dev\/homepage-2\/"},"modified":"2019-04-29T17:19:19","modified_gmt":"2019-04-29T15:19:19","slug":"homepage","status":"publish","type":"page","link":"https:\/\/www.hotelvillaclaudia.it\/de\/","title":{"rendered":"Willkommen im Hotel Villa Claudia in Bellaria!"},"content":{"rendered":"<p>Pietro, der Inhaber des 3 Sterne Hotels Villa Claudia, erwartet Sie in Bellaria, um einen ruhigen und bewussten <strong>Urlaub am Meer<\/strong> zu verbringen.<\/p>\n<p>Das Hotel liegt direkt am Meer in einer ruhigen und gehobenen Lage, nicht weit von der Isola dei Platani entfernt, die das Zentrum des Urlaubsortes ist. Au\u00dferdem befindet es sich unmittelbar in der N\u00e4he des Einkaufszentrum Romagna Shopping Valley. Die Anlage bietet seinen G\u00e4sten maximale Entspannung und Komfort und ist von einem k\u00fchlen Garten umgeben, wo Sie, nach einem sch\u00f6nen Tag am Strand, Erfrischung im Schatten der Laubeng\u00e4nge finden k\u00f6nnen. Das Hotel ist <strong>komplett klimatisiert<\/strong>, die Leitung setzt alles daran, um ein famili\u00e4res und komfortables Ambiente zu schaffen, der ideale Ort, um einen RUHIGEN und BEWUSSTEN Urlaub zu verbringen. Es sind interne Parkpl\u00e4tze f\u00fcr alle Autos der G\u00e4ste vorhanden. Kostenloses Wi-Fi im gesamten Hotel.<\/p>\n<p>Dank der wunderbaren Lage haben Sie in den meisten Zimmern im Hotel Villa Claudia einen zauberhaften Blick auf Bellaria, beginnen den Tag entspannt und atmen jederzeit gesunde jodhaltige Luft. Sie haben die Wahl zwischen drei Zimmertypen, die verschiedene Anforderungen abdecken.<\/p>\n<p>Das Hotel befindet sich in Bellaria, ein altes Fischerdorf, das inzwischen zu einen beliebten Ferienort geworden ist, es ist ideal f\u00fcr alle Altersgruppen aber vor allem f\u00fcr Familien mit Kindern. Der Strand bietet viele <strong>Dienstleistungen und Spielm\u00f6glichkeiten f\u00fcr die Kleinsten unter uns<\/strong> an, um den Urlaub der Kinder unvergesslich zu gestalten und gleichzeitig den Eltern die Gelegenheit zu geben, sich ausruhen und entspannen zu k\u00f6nnen.<\/p>\n<p>Aber das ist nicht alles&#8230;. Das Meer, das von Felsen gesch\u00fctzt ist, hat seichtes Wasser, wo Kinder in aller Sicherheit und Ruhe spielen und baden k\u00f6nnen. Sie sind unter st\u00e4ndiger Aufsicht der Bademeister, die die Badeg\u00e4ste beaufsichtigen.<\/p>\n<p>Eine liebensw\u00fcrdige Animation f\u00fcr unsere kleinen G\u00e4ste: Von Montag bis Freitag stehen Alice und Myriam den Kindern im Laufe des Vormittags am Strand und nach dem Mittagessen im Hotel zur Verf\u00fcgung. So haben Eltern die M\u00f6glichkeit sich zu entspannen und die Freizeit zu genie\u00dfen!!!<\/p>\n","protected":false},"excerpt":{"rendered":"<p>Pietro, der Inhaber des 3 Sterne Hotels Villa Claudia, erwartet Sie in Bellaria, um einen ruhigen und bewussten Urlaub am Meer zu verbringen. Das Hotel liegt direkt am Meer in einer ruhigen und gehobenen Lage, nicht weit von der Isola dei Platani entfernt, die das Zentrum des Urlaubsortes ist. Au\u00dferdem befindet es sich unmittelbar in [&hellip;]<\/p>\n","protected":false},"author":8,"featured_media":0,"parent":0,"menu_order":0,"comment_status":"open","ping_status":"closed","template":"page-home.php","meta":{"_acf_changed":false,"footnotes":""},"class_list":["post-157","page","type-page","status-publish","hentry"],"acf":[],"_links":{"self":[{"href":"https:\/\/www.hotelvillaclaudia.it\/de\/wp-json\/wp\/v2\/pages\/157","targetHints":{"allow":["GET"]}}],"collection":[{"href":"https:\/\/www.hotelvillaclaudia.it\/de\/wp-json\/wp\/v2\/pages"}],"about":[{"href":"https:\/\/www.hotelvillaclaudia.it\/de\/wp-json\/wp\/v2\/types\/page"}],"author":[{"embeddable":true,"href":"https:\/\/www.hotelvillaclaudia.it\/de\/wp-json\/wp\/v2\/users\/8"}],"replies":[{"embeddable":true,"href":"https:\/\/www.hotelvillaclaudia.it\/de\/wp-json\/wp\/v2\/comments?post=157"}],"version-history":[{"count":5,"href":"https:\/\/www.hotelvillaclaudia.it\/de\/wp-json\/wp\/v2\/pages\/157\/revisions"}],"predecessor-version":[{"id":2515,"href":"https:\/\/www.hotelvillaclaudia.it\/de\/wp-json\/wp\/v2\/pages\/157\/revisions\/2515"}],"wp:attachment":[{"href":"https:\/\/www.hotelvillaclaudia.it\/de\/wp-json\/wp\/v2\/media?parent=157"}],"curies":[{"name":"wp","href":"https:\/\/api.w.org\/{rel}","templated":true}]}}