{"id":152,"date":"2015-04-07T11:40:49","date_gmt":"2015-04-07T09:40:49","guid":{"rendered":"http:\/\/villaclaudia.dev\/ferragosto-a-bellaria-offerte-e-pacchetti-per-il-vostro-soggiorno-o-week-end-2\/"},"modified":"2015-04-21T10:24:11","modified_gmt":"2015-04-21T08:24:11","slug":"angebot-15-august","status":"publish","type":"page","link":"https:\/\/www.hotelvillaclaudia.it\/de\/angebot-15-august\/","title":{"rendered":"Ferragosto in Bellaria: Angebote und Pauschalen Priese f\u00fcr Ihren Urlaub, oder Wochenende"},"content":{"rendered":"<p>Hotel Villa Claudia bereitet sich auf die Annahme der Preiswerten Pakete f\u00fcr G\u00e4ste und attraktive Preise. Nachfolgend finden Sie die Angebote, dass das Hotel Villa Claudia f\u00fcr Sie dachte.<\/p>\n<h2 class=\"page-subtitle title-blue\">August und Spa\u00df in Bellaria<\/h2>\n<p>Der Sommer steht vor der T\u00fcr und wie jedes Jahr erwarten, wir die Saison zu beginnen, die Monate vergehen, und schlie\u00dflich k\u00f6nnen wir die Himmelauffahrt feiern. August, dem Neujahrsfest, dem Tag der aufgehenden Leo ist der H\u00f6hepunkt des Sommers in Bellaria und der Adriak\u00fcste, und die Touristen die Gelegenheit nutzen, um es am Strand zu feiern, genie\u00dfen die Sonne, Meer, Erholung und Spa\u00df.<\/p>\n<p>Am 15. August hat heute einige &#8222;seiner Sch\u00fcler Geist vor ein paar Jahren verloren hat, wo man nicht ausschlagen konnte die Stra\u00dfe, ohne von einem Eimer Wasser oder den ber\u00fchmten&#8220; Ballon &#8222;verbunden; derzeit immer beh\u00e4lt seine Bedeutung, aber aufgrund verschiedener Verletzungen, sind die Str\u00e4nde \u00fcberwacht, und es ist fast ein &#8222;Verbot&#8220; \u00fcbertrieben und die Verwendung von Wasserballons, die nur unter Freunden verwendet werden.<\/p>\n","protected":false},"excerpt":{"rendered":"<p>Hotel Villa Claudia bereitet sich auf die Annahme der Preiswerten Pakete f\u00fcr G\u00e4ste und attraktive Preise. Nachfolgend finden Sie die Angebote, dass das Hotel Villa Claudia f\u00fcr Sie dachte. August und Spa\u00df in Bellaria Der Sommer steht vor der T\u00fcr und wie jedes Jahr erwarten, wir die Saison zu beginnen, die Monate vergehen, und schlie\u00dflich [&hellip;]<\/p>\n","protected":false},"author":8,"featured_media":0,"parent":0,"menu_order":0,"comment_status":"open","ping_status":"open","template":"page-offers.php","meta":{"_acf_changed":false,"footnotes":""},"class_list":["post-152","page","type-page","status-publish","hentry"],"acf":[],"_links":{"self":[{"href":"https:\/\/www.hotelvillaclaudia.it\/de\/wp-json\/wp\/v2\/pages\/152","targetHints":{"allow":["GET"]}}],"collection":[{"href":"https:\/\/www.hotelvillaclaudia.it\/de\/wp-json\/wp\/v2\/pages"}],"about":[{"href":"https:\/\/www.hotelvillaclaudia.it\/de\/wp-json\/wp\/v2\/types\/page"}],"author":[{"embeddable":true,"href":"https:\/\/www.hotelvillaclaudia.it\/de\/wp-json\/wp\/v2\/users\/8"}],"replies":[{"embeddable":true,"href":"https:\/\/www.hotelvillaclaudia.it\/de\/wp-json\/wp\/v2\/comments?post=152"}],"version-history":[{"count":4,"href":"https:\/\/www.hotelvillaclaudia.it\/de\/wp-json\/wp\/v2\/pages\/152\/revisions"}],"predecessor-version":[{"id":156,"href":"https:\/\/www.hotelvillaclaudia.it\/de\/wp-json\/wp\/v2\/pages\/152\/revisions\/156"}],"wp:attachment":[{"href":"https:\/\/www.hotelvillaclaudia.it\/de\/wp-json\/wp\/v2\/media?parent=152"}],"curies":[{"name":"wp","href":"https:\/\/api.w.org\/{rel}","templated":true}]}}